{"id":895,"date":"2019-10-03T21:17:26","date_gmt":"2019-10-03T19:17:26","guid":{"rendered":"https:\/\/www.eichenthal.nl\/?page_id=895"},"modified":"2019-10-03T21:17:26","modified_gmt":"2019-10-03T19:17:26","slug":"6-persoons-vakantie-appartement","status":"publish","type":"page","link":"https:\/\/www.eichenthal.nl\/de\/6-persoons-vakantie-appartement\/","title":{"rendered":"6-Personen-Ferienwohnung"},"content":{"rendered":"<p><strong><span class=\"s1\"><span style=\"color: #7d994f;\">Was bieten wir an?<\/span><\/span><\/strong><br \/>\nFerienhaus Eichenthal ist eine gem\u00fctliche aber auch ger\u00e4umige Gruppenunterkunft f\u00fcr 6-24 Personen. Ideal f\u00fcr ein Wochenende mit Familie, Freunden oder Kollegen. Die Unterkunft bietet viele private <strong>Parkpl\u00e4tze<\/strong> f\u00fcr Autos und Motorr\u00e4der.<\/p>\n<p>Die <strong>Wohnung<\/strong> bietet Platz f\u00fcr 6 G\u00e4ste. Das <a href=\"https:\/\/www.eichenthal.nl\/de\/vakantiehuis-ferienhaus\/\"><strong>Ferienhaus<\/strong><\/a> (Hauptgeb\u00e4ude) nebenan verf\u00fcgt \u00fcber 18 Schlafpl\u00e4tze. Die Unterk\u00fcnfte k\u00f6nnen gleichzeitig und separat gebucht werden.<\/p>\n<hr \/>\n<p><span style=\"color: #7d994f;\"><strong>6-Personen-Wohnung<br \/>\n<\/strong><\/span>Neben dem gro\u00dfen Ferienhaus, das Platz f\u00fcr 18 Personen bietet, bieten wir das Apartment auch f\u00fcr kleinere Gruppen wie Freunde, Familien oder Kollegen an, die in der Montage sind<\/p>\n<p><img loading=\"lazy\" decoding=\"async\" class=\"aligncenter size-full wp-image-829\" src=\"https:\/\/www.eichenthal.nl\/wp-content\/uploads\/2019\/10\/slaapkamer1-2-3_2019-1.jpg\" alt=\"\" width=\"1000\" height=\"285\" srcset=\"https:\/\/www.eichenthal.nl\/wp-content\/uploads\/2019\/10\/slaapkamer1-2-3_2019-1.jpg 1000w, https:\/\/www.eichenthal.nl\/wp-content\/uploads\/2019\/10\/slaapkamer1-2-3_2019-1-300x86.jpg 300w, https:\/\/www.eichenthal.nl\/wp-content\/uploads\/2019\/10\/slaapkamer1-2-3_2019-1-768x219.jpg 768w, https:\/\/www.eichenthal.nl\/wp-content\/uploads\/2019\/10\/slaapkamer1-2-3_2019-1-18x5.jpg 18w\" sizes=\"auto, (max-width: 1000px) 100vw, 1000px\" \/>Die Wohnung befindet sich neben dem Hauptgeb\u00e4ude. Alle Bereiche befinden sich im Erdgeschoss.<\/p>\n<p><strong>Es gibt 3 Schlafzimmer:<\/strong><br \/>\n1. Schlafzimmer: 1 gro\u00dfes Doppelbett<br \/>\n2. Schlafzimmer: 2 Einzelbetten<br \/>\n3. Schlafzimmer: 2 Einzelbetten<br \/>\nDiese Zimmer verf\u00fcgen zusammen \u00fcber 1 Dusche und 1 WC. Handt\u00fccher und ein Haartrockner liegen ebenfalls f\u00fcr Sie bereit.<\/p>\n<p><img loading=\"lazy\" decoding=\"async\" class=\"alignnone wp-image-379 size-full\" src=\"https:\/\/www.eichenthal.nl\/wp-content\/uploads\/2017\/11\/sanitair-keuken.jpg\" alt=\"\" width=\"1000\" height=\"462\" srcset=\"https:\/\/www.eichenthal.nl\/wp-content\/uploads\/2017\/11\/sanitair-keuken.jpg 1000w, https:\/\/www.eichenthal.nl\/wp-content\/uploads\/2017\/11\/sanitair-keuken-300x139.jpg 300w, https:\/\/www.eichenthal.nl\/wp-content\/uploads\/2017\/11\/sanitair-keuken-768x355.jpg 768w\" sizes=\"auto, (max-width: 1000px) 100vw, 1000px\" \/><\/p>\n<p>Jedes Schlafzimmer hat Zugang zur <strong>Gemeinschaftsk\u00fcche.<\/strong>Die K\u00fcche des Apartments verf\u00fcgt \u00fcber einen K\u00fchlschrank, einen Backofen, ein Kochfeld mit Dunstabzugshaube, eine Mikrowelle, einen Geschirrsp\u00fcler, eine Kaffeemaschine und einen Wasserkocher. <span class=\"s2\">Besteck, Kochutensilien, Geschirr und Bettw\u00e4sche sind vorhanden.<\/span><\/p>\n<hr \/>\n<p style=\"text-align: left;\"><span class=\"s2\"><span style=\"color: #7d994f;\"><b>\u00dcberdachte Au\u00dfenterrasse<\/b><\/span><\/span><img loading=\"lazy\" decoding=\"async\" class=\"aligncenter wp-image-733 size-full\" src=\"https:\/\/www.eichenthal.nl\/wp-content\/uploads\/2019\/06\/buiten_01_DSC_0042_web-1.jpg\" alt=\"Eichenthal buiten terras\" width=\"1000\" height=\"422\" srcset=\"https:\/\/www.eichenthal.nl\/wp-content\/uploads\/2019\/06\/buiten_01_DSC_0042_web-1.jpg 1000w, https:\/\/www.eichenthal.nl\/wp-content\/uploads\/2019\/06\/buiten_01_DSC_0042_web-1-300x127.jpg 300w, https:\/\/www.eichenthal.nl\/wp-content\/uploads\/2019\/06\/buiten_01_DSC_0042_web-1-768x324.jpg 768w, https:\/\/www.eichenthal.nl\/wp-content\/uploads\/2019\/06\/buiten_01_DSC_0042_web-1-18x8.jpg 18w\" sizes=\"auto, (max-width: 1000px) 100vw, 1000px\" \/>Im Erdgeschoss gegen\u00fcber dem Hauptgeb\u00e4ude befindet sich eine <strong>\u00fcberdachte Terrasse<\/strong>mit einer Bar und runden Tischen mit St\u00fchlen. Hier gibt es auch M\u00e4nner- und Damentoiletten.<\/p>\n<p><img loading=\"lazy\" decoding=\"async\" class=\"aligncenter wp-image-856 size-full\" src=\"https:\/\/www.eichenthal.nl\/wp-content\/uploads\/2019\/10\/buiten_03-1.jpg\" alt=\"Eichenthal buiten terras\" width=\"1000\" height=\"366\" srcset=\"https:\/\/www.eichenthal.nl\/wp-content\/uploads\/2019\/10\/buiten_03-1.jpg 1000w, https:\/\/www.eichenthal.nl\/wp-content\/uploads\/2019\/10\/buiten_03-1-300x110.jpg 300w, https:\/\/www.eichenthal.nl\/wp-content\/uploads\/2019\/10\/buiten_03-1-768x281.jpg 768w, https:\/\/www.eichenthal.nl\/wp-content\/uploads\/2019\/10\/buiten_03-1-18x7.jpg 18w\" sizes=\"auto, (max-width: 1000px) 100vw, 1000px\" \/><span class=\"s2\">Wenn es drau\u00dfen abk\u00fchlt, k\u00f6nnen der <strong>Kamin und die Terrassenheizungen<\/strong> so eingestellt werden, dass die Temperatur angenehm bleibt, und nat\u00fcrlich k\u00f6nnen der <strong>Gasgrill<\/strong> und der Holzkohlegrill verwendet werden.<\/span><\/p>\n<p><img loading=\"lazy\" decoding=\"async\" class=\"aligncenter size-full wp-image-734\" src=\"https:\/\/www.eichenthal.nl\/wp-content\/uploads\/2019\/06\/buiten_01_web-1.jpg\" alt=\"Eichenthal buiten bar\" width=\"1000\" height=\"676\" srcset=\"https:\/\/www.eichenthal.nl\/wp-content\/uploads\/2019\/06\/buiten_01_web-1.jpg 1000w, https:\/\/www.eichenthal.nl\/wp-content\/uploads\/2019\/06\/buiten_01_web-1-300x203.jpg 300w, https:\/\/www.eichenthal.nl\/wp-content\/uploads\/2019\/06\/buiten_01_web-1-768x519.jpg 768w, https:\/\/www.eichenthal.nl\/wp-content\/uploads\/2019\/06\/buiten_01_web-1-18x12.jpg 18w\" sizes=\"auto, (max-width: 1000px) 100vw, 1000px\" \/><\/p>\n<hr \/>\n<p><span style=\"color: #7d994f;\"><b>Kindergarten und Spielplatz<\/b><\/span><\/p>\n<p style=\"text-align: left;\"><img loading=\"lazy\" decoding=\"async\" class=\"aligncenter size-full wp-image-983\" src=\"https:\/\/www.eichenthal.nl\/wp-content\/uploads\/2020\/05\/kinderverblijf-1.jpg\" alt=\"\" width=\"1000\" height=\"459\" srcset=\"https:\/\/www.eichenthal.nl\/wp-content\/uploads\/2020\/05\/kinderverblijf-1.jpg 1000w, https:\/\/www.eichenthal.nl\/wp-content\/uploads\/2020\/05\/kinderverblijf-1-300x138.jpg 300w, https:\/\/www.eichenthal.nl\/wp-content\/uploads\/2020\/05\/kinderverblijf-1-768x353.jpg 768w, https:\/\/www.eichenthal.nl\/wp-content\/uploads\/2020\/05\/kinderverblijf-1-18x8.jpg 18w\" sizes=\"auto, (max-width: 1000px) 100vw, 1000px\" \/>Von der <strong>Kindergartens<\/strong> is er goed zicht op de <strong>speelweide<\/strong> haben Sie einen guten Blick auf den Spielplatz, auf dem eine gro\u00dfe Auswahl an Spielger\u00e4ten f\u00fcr kleine Kinder ausgestellt ist, wie Schaukeln, Trampoline und Kletterger\u00fcste. Es gibt einige Sonnenliegen auf dem Spielplatz. Die Terrasse ist mit bequemen Gartenst\u00fchlen und einem stabilen Sonnenschirm ausgestattet.<\/p>\n<p><img loading=\"lazy\" decoding=\"async\" class=\"aligncenter size-full wp-image-984\" src=\"https:\/\/www.eichenthal.nl\/wp-content\/uploads\/2020\/05\/speelweide-1.jpg\" alt=\"\" width=\"1000\" height=\"907\" srcset=\"https:\/\/www.eichenthal.nl\/wp-content\/uploads\/2020\/05\/speelweide-1.jpg 1000w, https:\/\/www.eichenthal.nl\/wp-content\/uploads\/2020\/05\/speelweide-1-300x272.jpg 300w, https:\/\/www.eichenthal.nl\/wp-content\/uploads\/2020\/05\/speelweide-1-768x697.jpg 768w, https:\/\/www.eichenthal.nl\/wp-content\/uploads\/2020\/05\/speelweide-1-13x12.jpg 13w\" sizes=\"auto, (max-width: 1000px) 100vw, 1000px\" \/>Das Kinderzimmer verf\u00fcgt \u00fcber Tische, St\u00fchle und eine K\u00fcchenzeile mit eingebautem K\u00fchlschrank.<\/p>\n<p><img loading=\"lazy\" decoding=\"async\" class=\"aligncenter size-full wp-image-982\" src=\"https:\/\/www.eichenthal.nl\/wp-content\/uploads\/2020\/05\/kinderverblijf-binnen-1.jpg\" alt=\"\" width=\"1000\" height=\"459\" srcset=\"https:\/\/www.eichenthal.nl\/wp-content\/uploads\/2020\/05\/kinderverblijf-binnen-1.jpg 1000w, https:\/\/www.eichenthal.nl\/wp-content\/uploads\/2020\/05\/kinderverblijf-binnen-1-300x138.jpg 300w, https:\/\/www.eichenthal.nl\/wp-content\/uploads\/2020\/05\/kinderverblijf-binnen-1-768x353.jpg 768w, https:\/\/www.eichenthal.nl\/wp-content\/uploads\/2020\/05\/kinderverblijf-binnen-1-18x8.jpg 18w\" sizes=\"auto, (max-width: 1000px) 100vw, 1000px\" \/>In der N\u00e4he des Spielplatzes stehen Obstb\u00e4ume, auf denen zur Erntezeit Fr\u00fcchte gepfl\u00fcckt werden k\u00f6nnen. Wir haben Apfelb\u00e4ume (Elstar und Granny Smith), Birnb\u00e4ume (Conference) und Mirabelle-B\u00e4ume.<\/p>\n<hr \/>\n<p><span style=\"color: #7d994f;\"><strong>Leinenzeug<br \/>\n<\/strong><\/span>Bettw\u00e4sche und Handt\u00fccher sind in alle Zimmer und in den Badezimmern vorhanden.<\/p>\n<hr \/>\n<p><span style=\"color: #000000;\"><span style=\"color: #7d994f;\"><strong>Internet<br \/>\n<\/strong><\/span>Sie k\u00f6nnen das WiFi-Netzwerk kostenlos nutzen.<\/span><\/p>","protected":false},"excerpt":{"rendered":"<p>Wat bieden wij? Ferienhaus Eichenthal is een gezellige zeer ruim opgezette groepsaccommodatie geschikt voor 6-24 personen. Ideaal voor een paar dagen weg met familie, vrienden of collega&#8217;s. De accommodatie biedt voldoende eigen parkeerruimte voor auto&#8217;s en motoren. In het appartement is plaats voor 6 gasten. In het daarnaast gelegen vakantiehuis (hoofdgebouw) zijn 18 slaapplaatsen. De &hellip; <a href=\"https:\/\/www.eichenthal.nl\/de\/6-persoons-vakantie-appartement\/\" class=\"more-link\"><span class=\"screen-reader-text\">6-Personen-Ferienwohnung<\/span> weiterlesen<\/a><\/p>","protected":false},"author":2,"featured_media":881,"parent":0,"menu_order":0,"comment_status":"closed","ping_status":"closed","template":"","meta":{"footnotes":""},"class_list":["post-895","page","type-page","status-publish","has-post-thumbnail","hentry"],"yoast_head":"<!-- This site is optimized with the Yoast SEO plugin v27.4 - https:\/\/yoast.com\/product\/yoast-seo-wordpress\/ -->\n<title>6-persoons vakantie appartement - eichenthal<\/title>\n<meta name=\"description\" content=\"Vakantie appartement met 3 slaapkamers vlakbij de grens met Duitsland. Te huur voor gezelschappen van maximaal 6 personen. Compleet ingericht.\" \/>\n<meta name=\"robots\" content=\"index, follow, max-snippet:-1, max-image-preview:large, max-video-preview:-1\" \/>\n<link rel=\"canonical\" href=\"https:\/\/www.eichenthal.nl\/de\/6-persoons-vakantie-appartement\/\" \/>\n<meta property=\"og:locale\" content=\"de_DE\" \/>\n<meta property=\"og:type\" content=\"article\" \/>\n<meta property=\"og:title\" content=\"6-persoons vakantie appartement - eichenthal\" \/>\n<meta property=\"og:description\" content=\"Vakantie appartement met 3 slaapkamers vlakbij de grens met Duitsland. Te huur voor gezelschappen van maximaal 6 personen. Compleet ingericht.\" \/>\n<meta property=\"og:url\" content=\"https:\/\/www.eichenthal.nl\/de\/6-persoons-vakantie-appartement\/\" \/>\n<meta property=\"og:site_name\" content=\"eichenthal\" \/>\n<meta property=\"article:publisher\" content=\"https:\/\/www.facebook.com\/people\/Ferienhaus-Eichenthal\/100063681536590\/\" \/>\n<meta property=\"og:image\" content=\"https:\/\/www.eichenthal.nl\/wp-content\/uploads\/2019\/10\/IMG_0038-e1570127811261-1-scaled.jpg\" \/>\n\t<meta property=\"og:image:width\" content=\"2560\" \/>\n\t<meta property=\"og:image:height\" content=\"1920\" \/>\n\t<meta property=\"og:image:type\" content=\"image\/jpeg\" \/>\n<meta name=\"twitter:card\" content=\"summary_large_image\" \/>\n<meta name=\"twitter:label1\" content=\"Gesch\u00e4tzte Lesezeit\" \/>\n\t<meta name=\"twitter:data1\" content=\"4\u00a0Minuten\" \/>\n<script type=\"application\/ld+json\" class=\"yoast-schema-graph\">{\"@context\":\"https:\\\/\\\/schema.org\",\"@graph\":[{\"@type\":\"WebPage\",\"@id\":\"https:\\\/\\\/www.eichenthal.nl\\\/6-persoons-vakantie-appartement\\\/\",\"url\":\"https:\\\/\\\/www.eichenthal.nl\\\/6-persoons-vakantie-appartement\\\/\",\"name\":\"6-persoons vakantie appartement - eichenthal\",\"isPartOf\":{\"@id\":\"https:\\\/\\\/www.eichenthal.nl\\\/#website\"},\"primaryImageOfPage\":{\"@id\":\"https:\\\/\\\/www.eichenthal.nl\\\/6-persoons-vakantie-appartement\\\/#primaryimage\"},\"image\":{\"@id\":\"https:\\\/\\\/www.eichenthal.nl\\\/6-persoons-vakantie-appartement\\\/#primaryimage\"},\"thumbnailUrl\":\"https:\\\/\\\/www.eichenthal.nl\\\/wp-content\\\/uploads\\\/2019\\\/10\\\/IMG_0038-e1570127811261-1-scaled.jpg\",\"datePublished\":\"2019-10-03T19:17:26+00:00\",\"description\":\"Vakantie appartement met 3 slaapkamers vlakbij de grens met Duitsland. Te huur voor gezelschappen van maximaal 6 personen. Compleet ingericht.\",\"breadcrumb\":{\"@id\":\"https:\\\/\\\/www.eichenthal.nl\\\/6-persoons-vakantie-appartement\\\/#breadcrumb\"},\"inLanguage\":\"de\",\"potentialAction\":[{\"@type\":\"ReadAction\",\"target\":[\"https:\\\/\\\/www.eichenthal.nl\\\/6-persoons-vakantie-appartement\\\/\"]}]},{\"@type\":\"ImageObject\",\"inLanguage\":\"de\",\"@id\":\"https:\\\/\\\/www.eichenthal.nl\\\/6-persoons-vakantie-appartement\\\/#primaryimage\",\"url\":\"https:\\\/\\\/www.eichenthal.nl\\\/wp-content\\\/uploads\\\/2019\\\/10\\\/IMG_0038-e1570127811261-1-scaled.jpg\",\"contentUrl\":\"https:\\\/\\\/www.eichenthal.nl\\\/wp-content\\\/uploads\\\/2019\\\/10\\\/IMG_0038-e1570127811261-1-scaled.jpg\",\"width\":2560,\"height\":1920,\"caption\":\"appartement\"},{\"@type\":\"BreadcrumbList\",\"@id\":\"https:\\\/\\\/www.eichenthal.nl\\\/6-persoons-vakantie-appartement\\\/#breadcrumb\",\"itemListElement\":[{\"@type\":\"ListItem\",\"position\":1,\"name\":\"Home\",\"item\":\"https:\\\/\\\/www.eichenthal.nl\\\/\"},{\"@type\":\"ListItem\",\"position\":2,\"name\":\"6-persoons vakantie appartement\"}]},{\"@type\":\"WebSite\",\"@id\":\"https:\\\/\\\/www.eichenthal.nl\\\/#website\",\"url\":\"https:\\\/\\\/www.eichenthal.nl\\\/\",\"name\":\"eichenthal\",\"description\":\"ferienhaus\",\"publisher\":{\"@id\":\"https:\\\/\\\/www.eichenthal.nl\\\/#organization\"},\"potentialAction\":[{\"@type\":\"SearchAction\",\"target\":{\"@type\":\"EntryPoint\",\"urlTemplate\":\"https:\\\/\\\/www.eichenthal.nl\\\/?s={search_term_string}\"},\"query-input\":{\"@type\":\"PropertyValueSpecification\",\"valueRequired\":true,\"valueName\":\"search_term_string\"}}],\"inLanguage\":\"de\"},{\"@type\":\"Organization\",\"@id\":\"https:\\\/\\\/www.eichenthal.nl\\\/#organization\",\"name\":\"eichenthal\",\"url\":\"https:\\\/\\\/www.eichenthal.nl\\\/\",\"logo\":{\"@type\":\"ImageObject\",\"inLanguage\":\"de\",\"@id\":\"https:\\\/\\\/www.eichenthal.nl\\\/#\\\/schema\\\/logo\\\/image\\\/\",\"url\":\"https:\\\/\\\/www.eichenthal.nl\\\/wp-content\\\/uploads\\\/2017\\\/11\\\/logo_def_groen.png\",\"contentUrl\":\"https:\\\/\\\/www.eichenthal.nl\\\/wp-content\\\/uploads\\\/2017\\\/11\\\/logo_def_groen.png\",\"width\":248,\"height\":248,\"caption\":\"eichenthal\"},\"image\":{\"@id\":\"https:\\\/\\\/www.eichenthal.nl\\\/#\\\/schema\\\/logo\\\/image\\\/\"},\"sameAs\":[\"https:\\\/\\\/www.facebook.com\\\/people\\\/Ferienhaus-Eichenthal\\\/100063681536590\\\/\"]}]}<\/script>\n<!-- \/ Yoast SEO plugin. -->","yoast_head_json":{"title":"6-persoons vakantie appartement - eichenthal","description":"Vakantie appartement met 3 slaapkamers vlakbij de grens met Duitsland. Te huur voor gezelschappen van maximaal 6 personen. Compleet ingericht.","robots":{"index":"index","follow":"follow","max-snippet":"max-snippet:-1","max-image-preview":"max-image-preview:large","max-video-preview":"max-video-preview:-1"},"canonical":"https:\/\/www.eichenthal.nl\/de\/6-persoons-vakantie-appartement\/","og_locale":"de_DE","og_type":"article","og_title":"6-persoons vakantie appartement - eichenthal","og_description":"Vakantie appartement met 3 slaapkamers vlakbij de grens met Duitsland. Te huur voor gezelschappen van maximaal 6 personen. Compleet ingericht.","og_url":"https:\/\/www.eichenthal.nl\/de\/6-persoons-vakantie-appartement\/","og_site_name":"eichenthal","article_publisher":"https:\/\/www.facebook.com\/people\/Ferienhaus-Eichenthal\/100063681536590\/","og_image":[{"width":2560,"height":1920,"url":"https:\/\/www.eichenthal.nl\/wp-content\/uploads\/2019\/10\/IMG_0038-e1570127811261-1-scaled.jpg","type":"image\/jpeg"}],"twitter_card":"summary_large_image","twitter_misc":{"Gesch\u00e4tzte Lesezeit":"4\u00a0Minuten"},"schema":{"@context":"https:\/\/schema.org","@graph":[{"@type":"WebPage","@id":"https:\/\/www.eichenthal.nl\/6-persoons-vakantie-appartement\/","url":"https:\/\/www.eichenthal.nl\/6-persoons-vakantie-appartement\/","name":"6-persoons vakantie appartement - eichenthal","isPartOf":{"@id":"https:\/\/www.eichenthal.nl\/#website"},"primaryImageOfPage":{"@id":"https:\/\/www.eichenthal.nl\/6-persoons-vakantie-appartement\/#primaryimage"},"image":{"@id":"https:\/\/www.eichenthal.nl\/6-persoons-vakantie-appartement\/#primaryimage"},"thumbnailUrl":"https:\/\/www.eichenthal.nl\/wp-content\/uploads\/2019\/10\/IMG_0038-e1570127811261-1-scaled.jpg","datePublished":"2019-10-03T19:17:26+00:00","description":"Vakantie appartement met 3 slaapkamers vlakbij de grens met Duitsland. Te huur voor gezelschappen van maximaal 6 personen. Compleet ingericht.","breadcrumb":{"@id":"https:\/\/www.eichenthal.nl\/6-persoons-vakantie-appartement\/#breadcrumb"},"inLanguage":"de","potentialAction":[{"@type":"ReadAction","target":["https:\/\/www.eichenthal.nl\/6-persoons-vakantie-appartement\/"]}]},{"@type":"ImageObject","inLanguage":"de","@id":"https:\/\/www.eichenthal.nl\/6-persoons-vakantie-appartement\/#primaryimage","url":"https:\/\/www.eichenthal.nl\/wp-content\/uploads\/2019\/10\/IMG_0038-e1570127811261-1-scaled.jpg","contentUrl":"https:\/\/www.eichenthal.nl\/wp-content\/uploads\/2019\/10\/IMG_0038-e1570127811261-1-scaled.jpg","width":2560,"height":1920,"caption":"appartement"},{"@type":"BreadcrumbList","@id":"https:\/\/www.eichenthal.nl\/6-persoons-vakantie-appartement\/#breadcrumb","itemListElement":[{"@type":"ListItem","position":1,"name":"Home","item":"https:\/\/www.eichenthal.nl\/"},{"@type":"ListItem","position":2,"name":"6-persoons vakantie appartement"}]},{"@type":"WebSite","@id":"https:\/\/www.eichenthal.nl\/#website","url":"https:\/\/www.eichenthal.nl\/","name":"eichenthal","description":"ferienhaus","publisher":{"@id":"https:\/\/www.eichenthal.nl\/#organization"},"potentialAction":[{"@type":"SearchAction","target":{"@type":"EntryPoint","urlTemplate":"https:\/\/www.eichenthal.nl\/?s={search_term_string}"},"query-input":{"@type":"PropertyValueSpecification","valueRequired":true,"valueName":"search_term_string"}}],"inLanguage":"de"},{"@type":"Organization","@id":"https:\/\/www.eichenthal.nl\/#organization","name":"eichenthal","url":"https:\/\/www.eichenthal.nl\/","logo":{"@type":"ImageObject","inLanguage":"de","@id":"https:\/\/www.eichenthal.nl\/#\/schema\/logo\/image\/","url":"https:\/\/www.eichenthal.nl\/wp-content\/uploads\/2017\/11\/logo_def_groen.png","contentUrl":"https:\/\/www.eichenthal.nl\/wp-content\/uploads\/2017\/11\/logo_def_groen.png","width":248,"height":248,"caption":"eichenthal"},"image":{"@id":"https:\/\/www.eichenthal.nl\/#\/schema\/logo\/image\/"},"sameAs":["https:\/\/www.facebook.com\/people\/Ferienhaus-Eichenthal\/100063681536590\/"]}]}},"_links":{"self":[{"href":"https:\/\/www.eichenthal.nl\/de\/wp-json\/wp\/v2\/pages\/895","targetHints":{"allow":["GET"]}}],"collection":[{"href":"https:\/\/www.eichenthal.nl\/de\/wp-json\/wp\/v2\/pages"}],"about":[{"href":"https:\/\/www.eichenthal.nl\/de\/wp-json\/wp\/v2\/types\/page"}],"author":[{"embeddable":true,"href":"https:\/\/www.eichenthal.nl\/de\/wp-json\/wp\/v2\/users\/2"}],"replies":[{"embeddable":true,"href":"https:\/\/www.eichenthal.nl\/de\/wp-json\/wp\/v2\/comments?post=895"}],"version-history":[{"count":0,"href":"https:\/\/www.eichenthal.nl\/de\/wp-json\/wp\/v2\/pages\/895\/revisions"}],"wp:featuredmedia":[{"embeddable":true,"href":"https:\/\/www.eichenthal.nl\/de\/wp-json\/wp\/v2\/media\/881"}],"wp:attachment":[{"href":"https:\/\/www.eichenthal.nl\/de\/wp-json\/wp\/v2\/media?parent=895"}],"curies":[{"name":"wp","href":"https:\/\/api.w.org\/{rel}","templated":true}]}}