{"id":21,"date":"2017-11-06T23:19:54","date_gmt":"2017-11-06T22:19:54","guid":{"rendered":"https:\/\/www.eichenthal.nl\/?page_id=21"},"modified":"2023-07-10T13:18:42","modified_gmt":"2023-07-10T11:18:42","slug":"omgeving","status":"publish","type":"page","link":"https:\/\/www.eichenthal.nl\/de\/omgeving\/","title":{"rendered":"Umgebung"},"content":{"rendered":"<p><strong><span style=\"color: #7d994f;\">Ein Besuch in einem besonderen Grenzgebiet<\/span><\/strong><br \/>\n<strong>Ferienhaus Eichenthal<\/strong> geniesst eine g\u00fcnstige <a href=\"https:\/\/www.eichenthal.nl\/de\/contact\/\" target=\"_blank\" rel=\"noopener noreferrer\">Lage<\/a> in Deutschland, direkt an der Niederl\u00e4ndische Grenze. Entdecken Sie zahlreiche sch\u00f6ne Routen und Aktivit\u00e4ten in der Niederlande und Deutschland. Eine gr\u00fcne Umgebung und der perfekte Ausgangspunkt, um die vielen Sehensw\u00fcrdigkeiten zu besuchen. Wandern, Radfahren, Motorfahren oder erkunden Sie die Gegend mit dem Auto oder Zug, der Bahnhof ist nur wenige Gehminuten von unserer Unterkunft entfernt.<\/p>\n<hr \/>\n<div id='gallery-1' class='gallery galleryid-21 gallery-columns-2 gallery-size-medium'><figure class='gallery-item'>\n\t\t\t<div class='gallery-icon landscape'>\n\t\t\t\t<a href='https:\/\/www.eichenthal.nl\/de\/omgeving\/amici\/'><img loading=\"lazy\" decoding=\"async\" width=\"300\" height=\"225\" src=\"https:\/\/www.eichenthal.nl\/wp-content\/uploads\/2017\/11\/amici-300x225.jpg\" class=\"attachment-medium size-medium\" alt=\"Amici Beach | Wassenberg &lt; 25 km\" aria-describedby=\"gallery-1-339\" srcset=\"https:\/\/www.eichenthal.nl\/wp-content\/uploads\/2017\/11\/amici-300x225.jpg 300w, https:\/\/www.eichenthal.nl\/wp-content\/uploads\/2017\/11\/amici-768x575.jpg 768w, https:\/\/www.eichenthal.nl\/wp-content\/uploads\/2017\/11\/amici.jpg 800w\" sizes=\"auto, (max-width: 300px) 100vw, 300px\" \/><\/a>\n\t\t\t<\/div>\n\t\t\t\t<figcaption class='wp-caption-text gallery-caption' id='gallery-1-339'>\n\t\t\t\tAmici Beach | Wassenberg < 25 km\n\t\t\t\t<\/figcaption><\/figure><figure class='gallery-item'>\n\t\t\t<div class='gallery-icon landscape'>\n\t\t\t\t<a href='https:\/\/www.eichenthal.nl\/de\/omgeving\/gaiazoo\/'><img loading=\"lazy\" decoding=\"async\" width=\"300\" height=\"225\" src=\"https:\/\/www.eichenthal.nl\/wp-content\/uploads\/2017\/11\/gaiazoo-300x225.jpg\" class=\"attachment-medium size-medium\" alt=\"GaiaZOO | Kerkrade &lt; 15 km\" aria-describedby=\"gallery-1-330\" srcset=\"https:\/\/www.eichenthal.nl\/wp-content\/uploads\/2017\/11\/gaiazoo-300x225.jpg 300w, https:\/\/www.eichenthal.nl\/wp-content\/uploads\/2017\/11\/gaiazoo-768x575.jpg 768w, https:\/\/www.eichenthal.nl\/wp-content\/uploads\/2017\/11\/gaiazoo.jpg 800w\" sizes=\"auto, (max-width: 300px) 100vw, 300px\" \/><\/a>\n\t\t\t<\/div>\n\t\t\t\t<figcaption class='wp-caption-text gallery-caption' id='gallery-1-330'>\n\t\t\t\tGaiaZOO | Kerkrade < 15 km\n\t\t\t\t<\/figcaption><\/figure><figure class='gallery-item'>\n\t\t\t<div class='gallery-icon landscape'>\n\t\t\t\t<a href='https:\/\/www.eichenthal.nl\/de\/omgeving\/brunssum-golf\/'><img loading=\"lazy\" decoding=\"async\" width=\"300\" height=\"225\" src=\"https:\/\/www.eichenthal.nl\/wp-content\/uploads\/2017\/11\/brunssum-golf-300x225.jpg\" class=\"attachment-medium size-medium\" alt=\"Golfclub Brunssummerheide | Brunssum &lt; 16 km\" aria-describedby=\"gallery-1-328\" srcset=\"https:\/\/www.eichenthal.nl\/wp-content\/uploads\/2017\/11\/brunssum-golf-300x225.jpg 300w, https:\/\/www.eichenthal.nl\/wp-content\/uploads\/2017\/11\/brunssum-golf-768x575.jpg 768w, https:\/\/www.eichenthal.nl\/wp-content\/uploads\/2017\/11\/brunssum-golf.jpg 800w\" sizes=\"auto, (max-width: 300px) 100vw, 300px\" \/><\/a>\n\t\t\t<\/div>\n\t\t\t\t<figcaption class='wp-caption-text gallery-caption' id='gallery-1-328'>\n\t\t\t\tGolfclub Brunssummerheide | Brunssum < 16 km\n\t\t\t\t<\/figcaption><\/figure><figure class='gallery-item'>\n\t\t\t<div class='gallery-icon landscape'>\n\t\t\t\t<a href='https:\/\/www.eichenthal.nl\/de\/omgeving\/kinderstad\/'><img loading=\"lazy\" decoding=\"async\" width=\"300\" height=\"225\" src=\"https:\/\/www.eichenthal.nl\/wp-content\/uploads\/2017\/11\/kinderstad-300x225.jpg\" class=\"attachment-medium size-medium\" alt=\"Kinderstad | Heerlen &lt; 16 km\" aria-describedby=\"gallery-1-340\" srcset=\"https:\/\/www.eichenthal.nl\/wp-content\/uploads\/2017\/11\/kinderstad-300x225.jpg 300w, https:\/\/www.eichenthal.nl\/wp-content\/uploads\/2017\/11\/kinderstad-768x575.jpg 768w, https:\/\/www.eichenthal.nl\/wp-content\/uploads\/2017\/11\/kinderstad.jpg 800w\" sizes=\"auto, (max-width: 300px) 100vw, 300px\" \/><\/a>\n\t\t\t<\/div>\n\t\t\t\t<figcaption class='wp-caption-text gallery-caption' id='gallery-1-340'>\n\t\t\t\tKinderstad | Heerlen < 16 km\n\t\t\t\t<\/figcaption><\/figure><figure class='gallery-item'>\n\t\t\t<div class='gallery-icon landscape'>\n\t\t\t\t<a href='https:\/\/www.eichenthal.nl\/de\/omgeving\/leisure-dome\/'><img loading=\"lazy\" decoding=\"async\" width=\"300\" height=\"225\" src=\"https:\/\/www.eichenthal.nl\/wp-content\/uploads\/2017\/11\/leisure-dome-300x225.jpg\" class=\"attachment-medium size-medium\" alt=\"Leisure Dome | Kerkrade &lt; 21 km\" aria-describedby=\"gallery-1-342\" srcset=\"https:\/\/www.eichenthal.nl\/wp-content\/uploads\/2017\/11\/leisure-dome-300x225.jpg 300w, https:\/\/www.eichenthal.nl\/wp-content\/uploads\/2017\/11\/leisure-dome-768x575.jpg 768w, https:\/\/www.eichenthal.nl\/wp-content\/uploads\/2017\/11\/leisure-dome.jpg 800w\" sizes=\"auto, (max-width: 300px) 100vw, 300px\" \/><\/a>\n\t\t\t<\/div>\n\t\t\t\t<figcaption class='wp-caption-text gallery-caption' id='gallery-1-342'>\n\t\t\t\tLeisure Dome | Kerkrade  < 21 km\n\t\t\t\t<\/figcaption><\/figure><figure class='gallery-item'>\n\t\t\t<div class='gallery-icon landscape'>\n\t\t\t\t<a href='https:\/\/www.eichenthal.nl\/de\/omgeving\/mondo-verde\/'><img loading=\"lazy\" decoding=\"async\" width=\"300\" height=\"225\" src=\"https:\/\/www.eichenthal.nl\/wp-content\/uploads\/2017\/11\/mondo-verde-300x225.jpg\" class=\"attachment-medium size-medium\" alt=\"Mondo Verde | Landgraaf &lt; 9 km\" aria-describedby=\"gallery-1-332\" srcset=\"https:\/\/www.eichenthal.nl\/wp-content\/uploads\/2017\/11\/mondo-verde-300x225.jpg 300w, https:\/\/www.eichenthal.nl\/wp-content\/uploads\/2017\/11\/mondo-verde-768x575.jpg 768w, https:\/\/www.eichenthal.nl\/wp-content\/uploads\/2017\/11\/mondo-verde.jpg 800w\" sizes=\"auto, (max-width: 300px) 100vw, 300px\" \/><\/a>\n\t\t\t<\/div>\n\t\t\t\t<figcaption class='wp-caption-text gallery-caption' id='gallery-1-332'>\n\t\t\t\tMondo Verde | Landgraaf < 9 km\n\t\t\t\t<\/figcaption><\/figure><figure class='gallery-item'>\n\t\t\t<div class='gallery-icon landscape'>\n\t\t\t\t<a href='https:\/\/www.eichenthal.nl\/de\/omgeving\/mtb\/'><img loading=\"lazy\" decoding=\"async\" width=\"300\" height=\"225\" src=\"https:\/\/www.eichenthal.nl\/wp-content\/uploads\/2017\/11\/mtb-300x225.jpg\" class=\"attachment-medium size-medium\" alt=\"Mountainbike Route | Landgraaf &lt; 13 km\" aria-describedby=\"gallery-1-333\" srcset=\"https:\/\/www.eichenthal.nl\/wp-content\/uploads\/2017\/11\/mtb-300x225.jpg 300w, https:\/\/www.eichenthal.nl\/wp-content\/uploads\/2017\/11\/mtb-768x575.jpg 768w, https:\/\/www.eichenthal.nl\/wp-content\/uploads\/2017\/11\/mtb.jpg 800w\" sizes=\"auto, (max-width: 300px) 100vw, 300px\" \/><\/a>\n\t\t\t<\/div>\n\t\t\t\t<figcaption class='wp-caption-text gallery-caption' id='gallery-1-333'>\n\t\t\t\tMountainbike Route | Landgraaf < 13 km\n\t\t\t\t<\/figcaption><\/figure><figure class='gallery-item'>\n\t\t\t<div class='gallery-icon landscape'>\n\t\t\t\t<a href='https:\/\/www.eichenthal.nl\/de\/omgeving\/omgeving-basisfotos\/'><img loading=\"lazy\" decoding=\"async\" width=\"300\" height=\"225\" src=\"https:\/\/www.eichenthal.nl\/wp-content\/uploads\/2017\/11\/omgeving-basisfotos-300x225.jpg\" class=\"attachment-medium size-medium\" alt=\"Natuur in de omgeving\" aria-describedby=\"gallery-1-334\" srcset=\"https:\/\/www.eichenthal.nl\/wp-content\/uploads\/2017\/11\/omgeving-basisfotos-300x225.jpg 300w, https:\/\/www.eichenthal.nl\/wp-content\/uploads\/2017\/11\/omgeving-basisfotos-768x575.jpg 768w, https:\/\/www.eichenthal.nl\/wp-content\/uploads\/2017\/11\/omgeving-basisfotos.jpg 800w\" sizes=\"auto, (max-width: 300px) 100vw, 300px\" \/><\/a>\n\t\t\t<\/div>\n\t\t\t\t<figcaption class='wp-caption-text gallery-caption' id='gallery-1-334'>\n\t\t\t\t Natuur in de directe omgeving\n\t\t\t\t<\/figcaption><\/figure><figure class='gallery-item'>\n\t\t\t<div class='gallery-icon landscape'>\n\t\t\t\t<a href='https:\/\/www.eichenthal.nl\/de\/omgeving\/phantasialand\/'><img loading=\"lazy\" decoding=\"async\" width=\"300\" height=\"225\" src=\"https:\/\/www.eichenthal.nl\/wp-content\/uploads\/2017\/11\/phantasialand-300x225.jpg\" class=\"attachment-medium size-medium\" alt=\"Phantasialand | Bruhl &lt; 89 km\" aria-describedby=\"gallery-1-335\" srcset=\"https:\/\/www.eichenthal.nl\/wp-content\/uploads\/2017\/11\/phantasialand-300x225.jpg 300w, https:\/\/www.eichenthal.nl\/wp-content\/uploads\/2017\/11\/phantasialand-768x575.jpg 768w, https:\/\/www.eichenthal.nl\/wp-content\/uploads\/2017\/11\/phantasialand.jpg 800w\" sizes=\"auto, (max-width: 300px) 100vw, 300px\" \/><\/a>\n\t\t\t<\/div>\n\t\t\t\t<figcaption class='wp-caption-text gallery-caption' id='gallery-1-335'>\n\t\t\t\tPhantasialand | Bruhl < 89 km\n\t\t\t\t<\/figcaption><\/figure><figure class='gallery-item'>\n\t\t\t<div class='gallery-icon landscape'>\n\t\t\t\t<a href='https:\/\/www.eichenthal.nl\/de\/omgeving\/pinkpop\/'><img loading=\"lazy\" decoding=\"async\" width=\"300\" height=\"225\" src=\"https:\/\/www.eichenthal.nl\/wp-content\/uploads\/2017\/11\/pinkpop-300x225.jpg\" class=\"attachment-medium size-medium\" alt=\"Pinkpop | Landgraaf &lt; 9 km\" aria-describedby=\"gallery-1-336\" srcset=\"https:\/\/www.eichenthal.nl\/wp-content\/uploads\/2017\/11\/pinkpop-300x225.jpg 300w, https:\/\/www.eichenthal.nl\/wp-content\/uploads\/2017\/11\/pinkpop-768x575.jpg 768w, https:\/\/www.eichenthal.nl\/wp-content\/uploads\/2017\/11\/pinkpop.jpg 800w\" sizes=\"auto, (max-width: 300px) 100vw, 300px\" \/><\/a>\n\t\t\t<\/div>\n\t\t\t\t<figcaption class='wp-caption-text gallery-caption' id='gallery-1-336'>\n\t\t\t\tPinkpop | Landgraaf  < 9 km\n\t\t\t\t<\/figcaption><\/figure><figure class='gallery-item'>\n\t\t\t<div class='gallery-icon landscape'>\n\t\t\t\t<a href='https:\/\/www.eichenthal.nl\/de\/omgeving\/snowworld\/'><img loading=\"lazy\" decoding=\"async\" width=\"300\" height=\"225\" src=\"https:\/\/www.eichenthal.nl\/wp-content\/uploads\/2017\/11\/snowworld-300x225.jpg\" class=\"attachment-medium size-medium\" alt=\"Snowworld | Landgraaf &lt; 9 km\" aria-describedby=\"gallery-1-337\" srcset=\"https:\/\/www.eichenthal.nl\/wp-content\/uploads\/2017\/11\/snowworld-300x225.jpg 300w, https:\/\/www.eichenthal.nl\/wp-content\/uploads\/2017\/11\/snowworld-768x575.jpg 768w, https:\/\/www.eichenthal.nl\/wp-content\/uploads\/2017\/11\/snowworld.jpg 800w\" sizes=\"auto, (max-width: 300px) 100vw, 300px\" \/><\/a>\n\t\t\t<\/div>\n\t\t\t\t<figcaption class='wp-caption-text gallery-caption' id='gallery-1-337'>\n\t\t\t\tSnowworld | Landgraaf < 9 km\n\t\t\t\t<\/figcaption><\/figure><figure class='gallery-item'>\n\t\t\t<div class='gallery-icon landscape'>\n\t\t\t\t<a href='https:\/\/www.eichenthal.nl\/de\/omgeving\/gangelt\/'><img loading=\"lazy\" decoding=\"async\" width=\"300\" height=\"225\" src=\"https:\/\/www.eichenthal.nl\/wp-content\/uploads\/2017\/11\/gangelt-300x225.jpg\" class=\"attachment-medium size-medium\" alt=\"Wildpark | Gangelt &lt; 14 km\" aria-describedby=\"gallery-1-331\" srcset=\"https:\/\/www.eichenthal.nl\/wp-content\/uploads\/2017\/11\/gangelt-300x225.jpg 300w, https:\/\/www.eichenthal.nl\/wp-content\/uploads\/2017\/11\/gangelt-768x575.jpg 768w, https:\/\/www.eichenthal.nl\/wp-content\/uploads\/2017\/11\/gangelt.jpg 800w\" sizes=\"auto, (max-width: 300px) 100vw, 300px\" \/><\/a>\n\t\t\t<\/div>\n\t\t\t\t<figcaption class='wp-caption-text gallery-caption' id='gallery-1-331'>\n\t\t\t\tWildpark | Gangelt  < 14 km\n\t\t\t\t<\/figcaption><\/figure><figure class='gallery-item'>\n\t\t\t<div class='gallery-icon landscape'>\n\t\t\t\t<a href='https:\/\/www.eichenthal.nl\/de\/omgeving\/wilhelminaberg\/'><img loading=\"lazy\" decoding=\"async\" width=\"300\" height=\"225\" src=\"https:\/\/www.eichenthal.nl\/wp-content\/uploads\/2017\/11\/wilhelminaberg-300x225.jpg\" class=\"attachment-medium size-medium\" alt=\"Wilhelminaberg | Landgraaf &lt; 9 km\" aria-describedby=\"gallery-1-338\" srcset=\"https:\/\/www.eichenthal.nl\/wp-content\/uploads\/2017\/11\/wilhelminaberg-300x225.jpg 300w, https:\/\/www.eichenthal.nl\/wp-content\/uploads\/2017\/11\/wilhelminaberg-768x575.jpg 768w, https:\/\/www.eichenthal.nl\/wp-content\/uploads\/2017\/11\/wilhelminaberg.jpg 800w\" sizes=\"auto, (max-width: 300px) 100vw, 300px\" \/><\/a>\n\t\t\t<\/div>\n\t\t\t\t<figcaption class='wp-caption-text gallery-caption' id='gallery-1-338'>\n\t\t\t\tWilhelminaberg | Landgraaf < 9 km\n\t\t\t\t<\/figcaption><\/figure><figure class='gallery-item'>\n\t\t\t<div class='gallery-icon landscape'>\n\t\t\t\t<a href='https:\/\/www.eichenthal.nl\/de\/motorrijden\/'><img loading=\"lazy\" decoding=\"async\" width=\"300\" height=\"225\" src=\"https:\/\/www.eichenthal.nl\/wp-content\/uploads\/2017\/11\/motorrijden-300x225.jpg\" class=\"attachment-medium size-medium\" alt=\"Motorrijden | Duitse Eifel &lt; 25 km\" aria-describedby=\"gallery-1-470\" srcset=\"https:\/\/www.eichenthal.nl\/wp-content\/uploads\/2017\/11\/motorrijden-300x225.jpg 300w, https:\/\/www.eichenthal.nl\/wp-content\/uploads\/2017\/11\/motorrijden-768x575.jpg 768w, https:\/\/www.eichenthal.nl\/wp-content\/uploads\/2017\/11\/motorrijden.jpg 800w\" sizes=\"auto, (max-width: 300px) 100vw, 300px\" \/><\/a>\n\t\t\t<\/div>\n\t\t\t\t<figcaption class='wp-caption-text gallery-caption' id='gallery-1-470'>\n\t\t\t\tMotorrijden | Duitse Eifel < 25 km\n\t\t\t\t<\/figcaption><\/figure>\n\t\t<\/div>\n\n<p>&nbsp;<\/p>","protected":false},"excerpt":{"rendered":"<p>Een bezoekje bij de buren in een bijzonder grensgebied Ferienhaus Eichenthal heeft een gunstige ligging in Duitsland, net over de grens met Zuid-Limburg. Ontdek tal van mooie routes en activiteiten in Zuid-Limburg en Duitsland. Een groene omgeving en de perfecte uitvalsbasis voor het bezoeken van de vele toeristische bezienswaardigheden. Ga wandelen, fietsen of verken het &hellip; <a href=\"https:\/\/www.eichenthal.nl\/de\/omgeving\/\" class=\"more-link\"><span class=\"screen-reader-text\">Umgebung<\/span> weiterlesen<\/a><\/p>","protected":false},"author":2,"featured_media":0,"parent":0,"menu_order":0,"comment_status":"closed","ping_status":"closed","template":"","meta":{"footnotes":""},"class_list":["post-21","page","type-page","status-publish","hentry"],"yoast_head":"<!-- This site is optimized with the Yoast SEO plugin v27.4 - https:\/\/yoast.com\/product\/yoast-seo-wordpress\/ -->\n<title>Omgeving - eichenthal<\/title>\n<meta name=\"description\" content=\"Ontdek tal van mooie routes en activiteiten in Zuid-Limburg en Duitsland. Ferienhaus Eichenthal is de perfecte uitvalsbasis hiervoor.\" \/>\n<meta name=\"robots\" content=\"index, follow, max-snippet:-1, max-image-preview:large, max-video-preview:-1\" \/>\n<link rel=\"canonical\" href=\"https:\/\/www.eichenthal.nl\/de\/omgeving\/\" \/>\n<meta property=\"og:locale\" content=\"de_DE\" \/>\n<meta property=\"og:type\" content=\"article\" \/>\n<meta property=\"og:title\" content=\"Omgeving - eichenthal\" \/>\n<meta property=\"og:description\" content=\"Ontdek tal van mooie routes en activiteiten in Zuid-Limburg en Duitsland. Ferienhaus Eichenthal is de perfecte uitvalsbasis hiervoor.\" \/>\n<meta property=\"og:url\" content=\"https:\/\/www.eichenthal.nl\/de\/omgeving\/\" \/>\n<meta property=\"og:site_name\" content=\"eichenthal\" \/>\n<meta property=\"article:publisher\" content=\"https:\/\/www.facebook.com\/people\/Ferienhaus-Eichenthal\/100063681536590\/\" \/>\n<meta property=\"article:modified_time\" content=\"2023-07-10T11:18:42+00:00\" \/>\n<meta property=\"og:image\" content=\"https:\/\/www.eichenthal.nl\/wp-content\/uploads\/2017\/11\/amici-300x225.jpg\" \/>\n<meta name=\"twitter:card\" content=\"summary_large_image\" \/>\n<meta name=\"twitter:label1\" content=\"Gesch\u00e4tzte Lesezeit\" \/>\n\t<meta name=\"twitter:data1\" content=\"1\u00a0Minute\" \/>\n<script type=\"application\/ld+json\" class=\"yoast-schema-graph\">{\"@context\":\"https:\\\/\\\/schema.org\",\"@graph\":[{\"@type\":\"WebPage\",\"@id\":\"https:\\\/\\\/www.eichenthal.nl\\\/omgeving\\\/\",\"url\":\"https:\\\/\\\/www.eichenthal.nl\\\/omgeving\\\/\",\"name\":\"Omgeving - eichenthal\",\"isPartOf\":{\"@id\":\"https:\\\/\\\/www.eichenthal.nl\\\/#website\"},\"datePublished\":\"2017-11-06T22:19:54+00:00\",\"dateModified\":\"2023-07-10T11:18:42+00:00\",\"description\":\"Ontdek tal van mooie routes en activiteiten in Zuid-Limburg en Duitsland. Ferienhaus Eichenthal is de perfecte uitvalsbasis hiervoor.\",\"breadcrumb\":{\"@id\":\"https:\\\/\\\/www.eichenthal.nl\\\/omgeving\\\/#breadcrumb\"},\"inLanguage\":\"de\",\"potentialAction\":[{\"@type\":\"ReadAction\",\"target\":[\"https:\\\/\\\/www.eichenthal.nl\\\/omgeving\\\/\"]}]},{\"@type\":\"BreadcrumbList\",\"@id\":\"https:\\\/\\\/www.eichenthal.nl\\\/omgeving\\\/#breadcrumb\",\"itemListElement\":[{\"@type\":\"ListItem\",\"position\":1,\"name\":\"Home\",\"item\":\"https:\\\/\\\/www.eichenthal.nl\\\/\"},{\"@type\":\"ListItem\",\"position\":2,\"name\":\"Omgeving\"}]},{\"@type\":\"WebSite\",\"@id\":\"https:\\\/\\\/www.eichenthal.nl\\\/#website\",\"url\":\"https:\\\/\\\/www.eichenthal.nl\\\/\",\"name\":\"eichenthal\",\"description\":\"ferienhaus\",\"publisher\":{\"@id\":\"https:\\\/\\\/www.eichenthal.nl\\\/#organization\"},\"potentialAction\":[{\"@type\":\"SearchAction\",\"target\":{\"@type\":\"EntryPoint\",\"urlTemplate\":\"https:\\\/\\\/www.eichenthal.nl\\\/?s={search_term_string}\"},\"query-input\":{\"@type\":\"PropertyValueSpecification\",\"valueRequired\":true,\"valueName\":\"search_term_string\"}}],\"inLanguage\":\"de\"},{\"@type\":\"Organization\",\"@id\":\"https:\\\/\\\/www.eichenthal.nl\\\/#organization\",\"name\":\"eichenthal\",\"url\":\"https:\\\/\\\/www.eichenthal.nl\\\/\",\"logo\":{\"@type\":\"ImageObject\",\"inLanguage\":\"de\",\"@id\":\"https:\\\/\\\/www.eichenthal.nl\\\/#\\\/schema\\\/logo\\\/image\\\/\",\"url\":\"https:\\\/\\\/www.eichenthal.nl\\\/wp-content\\\/uploads\\\/2017\\\/11\\\/logo_def_groen.png\",\"contentUrl\":\"https:\\\/\\\/www.eichenthal.nl\\\/wp-content\\\/uploads\\\/2017\\\/11\\\/logo_def_groen.png\",\"width\":248,\"height\":248,\"caption\":\"eichenthal\"},\"image\":{\"@id\":\"https:\\\/\\\/www.eichenthal.nl\\\/#\\\/schema\\\/logo\\\/image\\\/\"},\"sameAs\":[\"https:\\\/\\\/www.facebook.com\\\/people\\\/Ferienhaus-Eichenthal\\\/100063681536590\\\/\"]}]}<\/script>\n<!-- \/ Yoast SEO plugin. -->","yoast_head_json":{"title":"Omgeving - eichenthal","description":"Ontdek tal van mooie routes en activiteiten in Zuid-Limburg en Duitsland. Ferienhaus Eichenthal is de perfecte uitvalsbasis hiervoor.","robots":{"index":"index","follow":"follow","max-snippet":"max-snippet:-1","max-image-preview":"max-image-preview:large","max-video-preview":"max-video-preview:-1"},"canonical":"https:\/\/www.eichenthal.nl\/de\/omgeving\/","og_locale":"de_DE","og_type":"article","og_title":"Omgeving - eichenthal","og_description":"Ontdek tal van mooie routes en activiteiten in Zuid-Limburg en Duitsland. Ferienhaus Eichenthal is de perfecte uitvalsbasis hiervoor.","og_url":"https:\/\/www.eichenthal.nl\/de\/omgeving\/","og_site_name":"eichenthal","article_publisher":"https:\/\/www.facebook.com\/people\/Ferienhaus-Eichenthal\/100063681536590\/","article_modified_time":"2023-07-10T11:18:42+00:00","og_image":[{"url":"https:\/\/www.eichenthal.nl\/wp-content\/uploads\/2017\/11\/amici-300x225.jpg","type":"","width":"","height":""}],"twitter_card":"summary_large_image","twitter_misc":{"Gesch\u00e4tzte Lesezeit":"1\u00a0Minute"},"schema":{"@context":"https:\/\/schema.org","@graph":[{"@type":"WebPage","@id":"https:\/\/www.eichenthal.nl\/omgeving\/","url":"https:\/\/www.eichenthal.nl\/omgeving\/","name":"Omgeving - eichenthal","isPartOf":{"@id":"https:\/\/www.eichenthal.nl\/#website"},"datePublished":"2017-11-06T22:19:54+00:00","dateModified":"2023-07-10T11:18:42+00:00","description":"Ontdek tal van mooie routes en activiteiten in Zuid-Limburg en Duitsland. Ferienhaus Eichenthal is de perfecte uitvalsbasis hiervoor.","breadcrumb":{"@id":"https:\/\/www.eichenthal.nl\/omgeving\/#breadcrumb"},"inLanguage":"de","potentialAction":[{"@type":"ReadAction","target":["https:\/\/www.eichenthal.nl\/omgeving\/"]}]},{"@type":"BreadcrumbList","@id":"https:\/\/www.eichenthal.nl\/omgeving\/#breadcrumb","itemListElement":[{"@type":"ListItem","position":1,"name":"Home","item":"https:\/\/www.eichenthal.nl\/"},{"@type":"ListItem","position":2,"name":"Omgeving"}]},{"@type":"WebSite","@id":"https:\/\/www.eichenthal.nl\/#website","url":"https:\/\/www.eichenthal.nl\/","name":"eichenthal","description":"ferienhaus","publisher":{"@id":"https:\/\/www.eichenthal.nl\/#organization"},"potentialAction":[{"@type":"SearchAction","target":{"@type":"EntryPoint","urlTemplate":"https:\/\/www.eichenthal.nl\/?s={search_term_string}"},"query-input":{"@type":"PropertyValueSpecification","valueRequired":true,"valueName":"search_term_string"}}],"inLanguage":"de"},{"@type":"Organization","@id":"https:\/\/www.eichenthal.nl\/#organization","name":"eichenthal","url":"https:\/\/www.eichenthal.nl\/","logo":{"@type":"ImageObject","inLanguage":"de","@id":"https:\/\/www.eichenthal.nl\/#\/schema\/logo\/image\/","url":"https:\/\/www.eichenthal.nl\/wp-content\/uploads\/2017\/11\/logo_def_groen.png","contentUrl":"https:\/\/www.eichenthal.nl\/wp-content\/uploads\/2017\/11\/logo_def_groen.png","width":248,"height":248,"caption":"eichenthal"},"image":{"@id":"https:\/\/www.eichenthal.nl\/#\/schema\/logo\/image\/"},"sameAs":["https:\/\/www.facebook.com\/people\/Ferienhaus-Eichenthal\/100063681536590\/"]}]}},"_links":{"self":[{"href":"https:\/\/www.eichenthal.nl\/de\/wp-json\/wp\/v2\/pages\/21","targetHints":{"allow":["GET"]}}],"collection":[{"href":"https:\/\/www.eichenthal.nl\/de\/wp-json\/wp\/v2\/pages"}],"about":[{"href":"https:\/\/www.eichenthal.nl\/de\/wp-json\/wp\/v2\/types\/page"}],"author":[{"embeddable":true,"href":"https:\/\/www.eichenthal.nl\/de\/wp-json\/wp\/v2\/users\/2"}],"replies":[{"embeddable":true,"href":"https:\/\/www.eichenthal.nl\/de\/wp-json\/wp\/v2\/comments?post=21"}],"version-history":[{"count":137,"href":"https:\/\/www.eichenthal.nl\/de\/wp-json\/wp\/v2\/pages\/21\/revisions"}],"predecessor-version":[{"id":512,"href":"https:\/\/www.eichenthal.nl\/de\/wp-json\/wp\/v2\/pages\/21\/revisions\/512"}],"wp:attachment":[{"href":"https:\/\/www.eichenthal.nl\/de\/wp-json\/wp\/v2\/media?parent=21"}],"curies":[{"name":"wp","href":"https:\/\/api.w.org\/{rel}","templated":true}]}}