{"id":19,"date":"2017-11-06T23:19:40","date_gmt":"2017-11-06T22:19:40","guid":{"rendered":"https:\/\/www.eichenthal.nl\/?page_id=19"},"modified":"2023-07-10T13:14:41","modified_gmt":"2023-07-10T11:14:41","slug":"vakantiehuis","status":"publish","type":"page","link":"https:\/\/www.eichenthal.nl\/de\/vakantiehuis\/","title":{"rendered":"Ferienhaus f\u00fcr 18 Personen"},"content":{"rendered":"<p><strong><span class=\"s1\"><span style=\"color: #7d994f;\">Was bieten wir an?<\/span><\/span><\/strong><br \/>\nFerienhaus Eichenthal ist eine gem\u00fctliche aber auch ger\u00e4umige Gruppenunterkunft f\u00fcr 6-24 Personen. Ideal f\u00fcr ein Wochenende mit Familie, Freunden oder Kollegen. Die Unterkunft bietet viele private Parkpl\u00e4tze f\u00fcr Autos und Motorr\u00e4der.<\/p>\n<p>Das Ferienhaus (Hauptgeb\u00e4ude) verf\u00fcgt \u00fcber 18 Schlafpl\u00e4tze und die <a href=\"https:\/\/www.eichenthal.nl\/de\/appartement-wohnung\/\">Wohnung<\/a> bietet Platz f\u00fcr 6 G\u00e4ste. Die Unterk\u00fcnfte k\u00f6nnen gleichzeitig und separat gebucht werden.<\/p>\n<hr \/>\n<p><strong><span class=\"s1\"><span style=\"color: #7d994f;\">Aufenthaltsraum mit Dachboden im ersten Stock des Ferienhauses<\/span><\/span><\/strong><\/p>\n<p><img loading=\"lazy\" decoding=\"async\" class=\"aligncenter size-full wp-image-736\" src=\"https:\/\/www.eichenthal.nl\/wp-content\/uploads\/2019\/06\/bar-eetzaal_IMG_20190607_165419_web.jpg\" alt=\"Eichenthal bar eetzaal\" width=\"1000\" height=\"752\" \/>Im ersten Stock des Ferienhauses befindet sich ein sehr ger\u00e4umiger, gem\u00fctlicher <strong>Speise- und Aufenthaltsraum<\/strong> mit einer Bar, der sich perfekt f\u00fcr Partys und Familienfeiern eignet. Die Bar verf\u00fcgt \u00fcber einen K\u00fchlschrank mit Gefrierfach, einen Weink\u00fchler und einen Geschirrsp\u00fcler.<\/p>\n<p><img loading=\"lazy\" decoding=\"async\" class=\"aligncenter wp-image-753 size-full\" src=\"https:\/\/www.eichenthal.nl\/wp-content\/uploads\/2019\/06\/achter-voor-bar_web.jpg\" alt=\"\" width=\"1000\" height=\"750\" \/><img loading=\"lazy\" decoding=\"async\" class=\"aligncenter size-full wp-image-742\" src=\"https:\/\/www.eichenthal.nl\/wp-content\/uploads\/2019\/06\/DSC_0011_web.jpg\" alt=\"Eichenthal feestzaal met bar\" width=\"1000\" height=\"558\" \/>Nehmen Sie f\u00fcr ein gutes Gespr\u00e4ch und leckeres Essen Platz an einem der ger\u00e4umigen runden Tische mit St\u00fchlen. Im <strong>gem\u00fctlichen Sitzbereich<\/strong> mit Sofas und Sesseln k\u00f6nnen Sie gemeinsam einen Film oder ein Fu\u00dfballspiel schauen. Oder lesen Sie einfach eine Zeitschrift im Duositz mit einer Leselampe, zwei Kindersesseln und sogar einem Feldbett f\u00fcr die j\u00fcngsten Kinder in der Gruppe.<\/p>\n<p><img loading=\"lazy\" decoding=\"async\" class=\"aligncenter size-full wp-image-744\" src=\"https:\/\/www.eichenthal.nl\/wp-content\/uploads\/2019\/06\/tv-hoek_webIMG_20190607_155753.jpg\" alt=\"Eichenthal TV hoek\" width=\"1000\" height=\"567\" \/><img loading=\"lazy\" decoding=\"async\" class=\"aligncenter wp-image-749 size-full\" src=\"https:\/\/www.eichenthal.nl\/wp-content\/uploads\/2019\/06\/zithoek_web.jpg\" alt=\"Eichenthal recreatieruimte\" width=\"1000\" height=\"566\" \/>Es gibt traditionelle und neue <strong>Brettspiele<\/strong> in den Schr\u00e4nken. Wenn Sie jedoch eher ein Spieler sind, k\u00f6nnen Sie sich in einen der bequemen Sessel in der <strong>Playstation<\/strong> Ecke<\/p>\n<p><img loading=\"lazy\" decoding=\"async\" class=\"aligncenter size-full wp-image-864\" src=\"https:\/\/www.eichenthal.nl\/wp-content\/uploads\/2019\/10\/playstation-kikkertafel.jpg\" alt=\"playstation-kikker-tafel\" width=\"1000\" height=\"459\" \/><img loading=\"lazy\" decoding=\"async\" class=\"aligncenter size-full wp-image-981\" src=\"https:\/\/www.eichenthal.nl\/wp-content\/uploads\/2020\/05\/biljart-kikkertafel.jpg\" alt=\"\" width=\"1000\" height=\"459\" \/>Im Erdgeschoss gibt es eine <strong>ger\u00e4umige K\u00fcche<\/strong>einen runden Tisch mit St\u00fchlen und es gibt sogar ein <strong>Tischfu\u00dfballspiel und ein Billardtisch.<\/strong> \ud83d\ude42<\/p>\n<p><img loading=\"lazy\" decoding=\"async\" class=\"aligncenter wp-image-865 size-full\" src=\"https:\/\/www.eichenthal.nl\/wp-content\/uploads\/2019\/10\/keuken-beneden.jpg\" alt=\"\" width=\"1000\" height=\"459\" \/>Die <strong>ger\u00e4umige K\u00fcche<\/strong> im Erdgeschoss ist ausgestattet mit: 2 K\u00fchlschr\u00e4nken, 2 Back\u00f6fen, 2 Kochplatten + Dunstabzugshaube, einem Geschirrsp\u00fcler, einer Mikrowelle, einer Kaffeemaschine und einem Wasserkocher. Besteck, Kochutensilien, Geschirr und Bettw\u00e4sche sind vorhanden.<\/p>\n<p><img loading=\"lazy\" decoding=\"async\" class=\"aligncenter wp-image-158 size-full\" src=\"https:\/\/www.eichenthal.nl\/wp-content\/uploads\/2017\/11\/LR_dakterras_1.jpg\" alt=\"\" width=\"1000\" height=\"750\" srcset=\"https:\/\/www.eichenthal.nl\/wp-content\/uploads\/2017\/11\/LR_dakterras_1.jpg 1000w, https:\/\/www.eichenthal.nl\/wp-content\/uploads\/2017\/11\/LR_dakterras_1-300x225.jpg 300w, https:\/\/www.eichenthal.nl\/wp-content\/uploads\/2017\/11\/LR_dakterras_1-768x576.jpg 768w\" sizes=\"auto, (max-width: 1000px) 100vw, 1000px\" \/>Vom gro\u00dfen Aufenthaltsraum aus k\u00f6nnen Sie direkt auf die <strong>\u00fcberdachte Dachterrasse<\/strong> gehen, auf der es viele bequeme St\u00fchle und Tische gibt.<\/p>\n<p><img loading=\"lazy\" decoding=\"async\" class=\"aligncenter size-full wp-image-861\" src=\"https:\/\/www.eichenthal.nl\/wp-content\/uploads\/2019\/10\/sanitair-beneden.jpg\" alt=\"\" width=\"1000\" height=\"446\" \/><\/p>\n<p>Die <strong>sanit\u00e4ren Anlagen<\/strong> befinden sich im Erdgeschoss:<br \/>\n1 x Herrentoilette<br \/>\n1 x Urinal<br \/>\n1 x Damentoilette<br \/>\n2 x Badezimmer mit Waschbecken und Dusche<br \/>\n1 x Babyzimmer<br \/>\nAuf dem Flur f\u00fcr die Toiletten und Duschr\u00e4ume befindet sich auch ein Waschbecken mit Spiegel.<\/p>\n<hr \/>\n<p style=\"text-align: left;\"><span class=\"s2\"><span style=\"color: #7d994f;\"><b>\u00dcberdachte Au\u00dfenterrasse<br \/>\n<\/b><\/span><br \/>\n<\/span><img loading=\"lazy\" decoding=\"async\" class=\"aligncenter wp-image-733 size-full\" src=\"https:\/\/www.eichenthal.nl\/wp-content\/uploads\/2019\/06\/buiten_01_DSC_0042_web.jpg\" alt=\"Eichenthal buiten terras\" width=\"1000\" height=\"422\" \/>Im Erdgeschoss gegen\u00fcber dem Hauptgeb\u00e4ude befindet sich eine <strong>\u00fcberdachte Terrasse<\/strong>mit einer Bar und runden Tischen mit St\u00fchlen. Hier gibt es auch M\u00e4nner- und Damentoiletten.<\/p>\n<p><img loading=\"lazy\" decoding=\"async\" class=\"aligncenter wp-image-856 size-full\" src=\"https:\/\/www.eichenthal.nl\/wp-content\/uploads\/2019\/10\/buiten_03.jpg\" alt=\"Eichenthal buiten terras\" width=\"1000\" height=\"366\" \/><span class=\"s2\">Wenn es drau\u00dfen abk\u00fchlt, k\u00f6nnen der <strong>Kamin und die Terrassenheizungen<\/strong> so eingestellt werden, dass die Temperatur angenehm bleibt, und nat\u00fcrlich k\u00f6nnen der <strong>Gasgrill<\/strong> und der Holzkohlegrill verwendet werden.<\/span><\/p>\n<p><img loading=\"lazy\" decoding=\"async\" class=\"aligncenter size-full wp-image-734\" src=\"https:\/\/www.eichenthal.nl\/wp-content\/uploads\/2019\/06\/buiten_01_web.jpg\" alt=\"Eichenthal buiten bar\" width=\"1000\" height=\"676\" \/><\/p>\n<hr \/>\n<p><span style=\"color: #7d994f;\"><b>Kindergarten und Spielplatz<\/b><\/span><\/p>\n<p style=\"text-align: left;\"><img loading=\"lazy\" decoding=\"async\" class=\"aligncenter size-full wp-image-983\" src=\"https:\/\/www.eichenthal.nl\/wp-content\/uploads\/2020\/05\/kinderverblijf.jpg\" alt=\"\" width=\"1000\" height=\"459\" \/>Von der <strong>Kindergartens<\/strong> is er goed zicht op de <strong>speelweide<\/strong> haben Sie einen guten Blick auf den Spielplatz, auf dem eine gro\u00dfe Auswahl an Spielger\u00e4ten f\u00fcr kleine Kinder ausgestellt ist, wie Schaukeln, Trampoline und Kletterger\u00fcste. Es gibt einige Sonnenliegen auf dem Spielplatz. Die Terrasse ist mit bequemen Gartenst\u00fchlen und einem stabilen Sonnenschirm ausgestattet.<\/p>\n<p><img loading=\"lazy\" decoding=\"async\" class=\"aligncenter size-full wp-image-984\" src=\"https:\/\/www.eichenthal.nl\/wp-content\/uploads\/2020\/05\/speelweide.jpg\" alt=\"\" width=\"1000\" height=\"907\" \/>Das Kinderzimmer verf\u00fcgt \u00fcber Tische, St\u00fchle und eine K\u00fcchenzeile mit eingebautem K\u00fchlschrank.<\/p>\n<p><img loading=\"lazy\" decoding=\"async\" class=\"aligncenter size-full wp-image-982\" src=\"https:\/\/www.eichenthal.nl\/wp-content\/uploads\/2020\/05\/kinderverblijf-binnen.jpg\" alt=\"\" width=\"1000\" height=\"459\" \/>In der N\u00e4he des Spielplatzes stehen Obstb\u00e4ume, auf denen zur Erntezeit Fr\u00fcchte gepfl\u00fcckt werden k\u00f6nnen. Wir haben Apfelb\u00e4ume (Elstar und Granny Smith), Birnb\u00e4ume (Conference) und Mirabelle-B\u00e4ume.<\/p>\n<hr \/>\n<p><span style=\"color: #7d994f;\"><strong>18 Schlafpl\u00e4tze im Ferienhaus<br \/>\n<\/strong><\/span>Das Ferienhaus (Hauptgeb\u00e4ude) bietet Platz f\u00fcr 18 Personen. Im Dachgeschoss befinden sich 14 Schlafpl\u00e4tze und f\u00fcr 4 Personen befinden sich Schlafzimmer im Erdgeschoss des Ferienhauses.<\/p>\n<p><img loading=\"lazy\" decoding=\"async\" class=\"aligncenter wp-image-858 size-full\" src=\"https:\/\/www.eichenthal.nl\/wp-content\/uploads\/2019\/10\/vakantiehuis-slaapkamers-beneden.jpg\" alt=\"slaapkamers beneden\" width=\"1000\" height=\"464\" \/><\/p>\n<p>Die beiden <strong>Schlafzimmer im Erdgeschoss<\/strong> sind beide mit 2 Einzelbetten ausgestattet und man kann die oben beschriebenen sanit\u00e4ren Einrichtungen nutzen: 2 x Toilette, 1 x Urinal, 2 x Badezimmer mit Dusche und ein Babyzimmer. Handt\u00fccher und F\u00f6n sind vorhanden.<\/p>\n<hr \/>\n<p><span style=\"color: #7d994f;\"><strong>Schlafsaal \/ Mansardenunterkunft<br \/>\n<\/strong><\/span>Neben den 2 Schlafzimmern im Erdgeschoss des Ferienhauses im Hauptgeb\u00e4ude gibt es auch 14 Schlafpl\u00e4tze im <strong>gem\u00fctlichen gro\u00dfen Dachgeschoss<\/strong>. Damit insgesamt 18 Personen in der Ferienwohnung \u00fcbernachten k\u00f6nnen.<img loading=\"lazy\" decoding=\"async\" class=\"aligncenter wp-image-801 size-full\" src=\"https:\/\/www.eichenthal.nl\/wp-content\/uploads\/2019\/06\/zolder_01.jpg\" alt=\"\" width=\"1000\" height=\"334\" \/><\/p>\n<p><img loading=\"lazy\" decoding=\"async\" class=\"aligncenter size-full wp-image-877\" src=\"https:\/\/www.eichenthal.nl\/wp-content\/uploads\/2019\/10\/zolder_03.jpg\" alt=\"zolder\" width=\"1000\" height=\"268\" \/><\/p>\n<p>Es gibt 4 Einzelbetten und 5 Doppelbetten. Die Schlafpl\u00e4tze sind teilweise durch Schr\u00e4nke und Vorh\u00e4nge getrennt.<br \/>\nUnd wir haben eine Reihe von Paravents f\u00fcr diejenigen, die etwas mehr Privatsph\u00e4re w\u00fcnschen.<\/p>\n<p><img loading=\"lazy\" decoding=\"async\" class=\"aligncenter size-full wp-image-802\" src=\"https:\/\/www.eichenthal.nl\/wp-content\/uploads\/2019\/06\/zolder_02.jpg\" alt=\"\" width=\"1000\" height=\"334\" \/><\/p>\n<p><img loading=\"lazy\" decoding=\"async\" class=\"alignnone wp-image-507 size-full\" src=\"https:\/\/www.eichenthal.nl\/wp-content\/uploads\/2017\/11\/keuken_op_zolder.jpg\" alt=\"keuken zolderappartement\" width=\"1000\" height=\"750\" srcset=\"https:\/\/www.eichenthal.nl\/wp-content\/uploads\/2017\/11\/keuken_op_zolder.jpg 1000w, https:\/\/www.eichenthal.nl\/wp-content\/uploads\/2017\/11\/keuken_op_zolder-300x225.jpg 300w, https:\/\/www.eichenthal.nl\/wp-content\/uploads\/2017\/11\/keuken_op_zolder-768x576.jpg 768w\" sizes=\"auto, (max-width: 1000px) 100vw, 1000px\" \/><\/p>\n<p>Die Mansardenunterkunft bietet gen\u00fcgend Sitzgelegenheiten an den runden Tischen und verf\u00fcgt \u00fcber eine <strong>eigene K\u00fcche.<\/strong>. <span class=\"s2\">Besteck, Kochutensilien, Geschirr und Bettw\u00e4sche sind vorhanden.\u00a0<\/span><\/p>\n<p><img loading=\"lazy\" decoding=\"async\" class=\"alignnone wp-image-508 size-full\" src=\"https:\/\/www.eichenthal.nl\/wp-content\/uploads\/2017\/11\/sanitair_op_zolder.jpg\" alt=\"zolderappartement sanitair\" width=\"1000\" height=\"676\" srcset=\"https:\/\/www.eichenthal.nl\/wp-content\/uploads\/2017\/11\/sanitair_op_zolder.jpg 1000w, https:\/\/www.eichenthal.nl\/wp-content\/uploads\/2017\/11\/sanitair_op_zolder-300x203.jpg 300w, https:\/\/www.eichenthal.nl\/wp-content\/uploads\/2017\/11\/sanitair_op_zolder-768x519.jpg 768w\" sizes=\"auto, (max-width: 1000px) 100vw, 1000px\" \/><\/p>\n<p>Selbstverst\u00e4ndlich verf\u00fcgt die Mansardenwohnung \u00fcber ein eigenes <strong>Badezimmer<\/strong> mit WC, Waschbecken und Badewanne. Handt\u00fccher und Haartrockner sind ebenfalls vorhanden. Die G\u00e4ste k\u00f6nnen auch die sanit\u00e4ren Einrichtungen im Erdgeschoss nutzen, wo es auch zwei Badezimmer mit Dusche gibt.<\/p>\n<p><strong>Sicherheit wird auch ber\u00fccksichtigt, daher verf\u00fcgt diese Wohnung \u00fcber einen Notausgang und eine Fluchtleiter.<\/strong><\/p>\n<hr \/>\n<p><span style=\"color: #7d994f;\"><strong>6-Personen-Wohnung<br \/>\n<\/strong><\/span>Neben dem gro\u00dfen Ferienhaus, das Platz f\u00fcr 18 Personen bietet, bieten wir das <a href=\"https:\/\/www.eichenthal.nl\/de\/appartement-wohnung\/\">Wohnung<\/a> auch f\u00fcr kleinere Gruppen wie Freunde, Familien oder Kollegen an, die in der Montage sind.<\/p>\n<p><img loading=\"lazy\" decoding=\"async\" class=\"aligncenter size-full wp-image-829\" src=\"https:\/\/www.eichenthal.nl\/wp-content\/uploads\/2019\/10\/slaapkamer1-2-3_2019.jpg\" alt=\"\" width=\"1000\" height=\"285\" \/>Die Wohnung befindet sich neben dem Hauptgeb\u00e4ude. Alle Bereiche befinden sich im Erdgeschoss.<br \/>\n<strong>Es gibt 3 Schlafzimmer:<\/strong><br \/>\n1. Schlafzimmer: 1 gro\u00dfes Doppelbett<br \/>\n2. Schlafzimmer: 2 Einzelbetten<br \/>\n3. Schlafzimmer: 2 Einzelbetten<br \/>\nDiese Zimmer verf\u00fcgen zusammen \u00fcber 1 Dusche und 1 WC. Handt\u00fccher und ein Haartrockner liegen ebenfalls f\u00fcr Sie bereit<\/p>\n<p><img loading=\"lazy\" decoding=\"async\" class=\"alignnone wp-image-379 size-full\" src=\"https:\/\/www.eichenthal.nl\/wp-content\/uploads\/2017\/11\/sanitair-keuken.jpg\" alt=\"\" width=\"1000\" height=\"462\" srcset=\"https:\/\/www.eichenthal.nl\/wp-content\/uploads\/2017\/11\/sanitair-keuken.jpg 1000w, https:\/\/www.eichenthal.nl\/wp-content\/uploads\/2017\/11\/sanitair-keuken-300x139.jpg 300w, https:\/\/www.eichenthal.nl\/wp-content\/uploads\/2017\/11\/sanitair-keuken-768x355.jpg 768w\" sizes=\"auto, (max-width: 1000px) 100vw, 1000px\" \/><\/p>\n<p>Jedes Schlafzimmer hat Zugang zur <strong>Gemeinschaftsk\u00fcche.<\/strong>Die K\u00fcche des Apartments verf\u00fcgt \u00fcber einen K\u00fchlschrank, einen Backofen, ein Kochfeld mit Dunstabzugshaube, eine Mikrowelle, einen Geschirrsp\u00fcler, eine Kaffeemaschine und einen Wasserkocher. <span class=\"s2\">Besteck, Kochutensilien, Geschirr und Bettw\u00e4sche sind vorhanden.<\/span><\/p>\n<hr \/>\n<p><span style=\"color: #7d994f;\"><strong>Leinenzeug<br \/>\n<\/strong><\/span>Bettw\u00e4sche und Handt\u00fccher sind in alle Zimmer und in den Badezimmern vorhanden.<\/p>\n<hr \/>\n<p><span style=\"color: #000000;\"><span style=\"color: #7d994f;\"><strong>Internet<br \/>\n<\/strong><\/span>Sie k\u00f6nnen das WiFi-Netzwerk kostenlos nutzen.<\/span><\/p>","protected":false},"excerpt":{"rendered":"<p>Wat bieden wij? Ferienhaus Eichenthal is een gezellige zeer ruim opgezette groepsaccommodatie geschikt voor 6-24 personen. Ideaal voor een paar dagen weg met familie, vrienden of collega&#8217;s. De accommodatie biedt voldoende eigen parkeerruimte voor auto&#8217;s en motoren. In het vakantiehuis (hoofdgebouw) zijn 18 slaapplaatsen en in het naastgelegen appartement is plaats voor 6 gasten. De &hellip; <a href=\"https:\/\/www.eichenthal.nl\/de\/vakantiehuis\/\" class=\"more-link\"><span class=\"screen-reader-text\">Ferienhaus f\u00fcr 18 Personen<\/span> weiterlesen<\/a><\/p>","protected":false},"author":2,"featured_media":374,"parent":0,"menu_order":0,"comment_status":"closed","ping_status":"closed","template":"","meta":{"footnotes":""},"class_list":["post-19","page","type-page","status-publish","has-post-thumbnail","hentry"],"yoast_head":"<!-- This site is optimized with the Yoast SEO plugin v27.4 - https:\/\/yoast.com\/product\/yoast-seo-wordpress\/ -->\n<title>18-persoons vakantiehuis - eichenthal<\/title>\n<meta name=\"description\" content=\"{:nl}Ferienhaus Eichenthal is een groepsaccomodatie voor 6-18 personen. Voldoende slaapkamers en sanitaire voorzieningen, terassen, speeltuin en zelfs een bar.{:de}Ferienhaus Eichenthal ist eine Gruppenunterkunft f\u00fcr 6-18 Personen. Gen\u00fcgend Schlafzimmer und Sanit\u00e4ranlagen, Terrassen, Spielplatz und sogar eine Bar.{:}\" \/>\n<meta name=\"robots\" content=\"index, follow, max-snippet:-1, max-image-preview:large, max-video-preview:-1\" \/>\n<link rel=\"canonical\" href=\"https:\/\/www.eichenthal.nl\/de\/vakantiehuis\/\" \/>\n<meta property=\"og:locale\" content=\"de_DE\" \/>\n<meta property=\"og:type\" content=\"article\" \/>\n<meta property=\"og:title\" content=\"18-persoons vakantiehuis - eichenthal\" \/>\n<meta property=\"og:description\" content=\"{:nl}Ferienhaus Eichenthal is een groepsaccomodatie voor 6-18 personen. Voldoende slaapkamers en sanitaire voorzieningen, terassen, speeltuin en zelfs een bar.{:de}Ferienhaus Eichenthal ist eine Gruppenunterkunft f\u00fcr 6-18 Personen. Gen\u00fcgend Schlafzimmer und Sanit\u00e4ranlagen, Terrassen, Spielplatz und sogar eine Bar.{:}\" \/>\n<meta property=\"og:url\" content=\"https:\/\/www.eichenthal.nl\/de\/vakantiehuis\/\" \/>\n<meta property=\"og:site_name\" content=\"eichenthal\" \/>\n<meta property=\"article:publisher\" content=\"https:\/\/www.facebook.com\/people\/Ferienhaus-Eichenthal\/100063681536590\/\" \/>\n<meta property=\"article:modified_time\" content=\"2023-07-10T11:14:41+00:00\" \/>\n<meta property=\"og:image\" content=\"https:\/\/www.eichenthal.nl\/wp-content\/uploads\/2017\/11\/03_eichenthal.jpg\" \/>\n\t<meta property=\"og:image:width\" content=\"825\" \/>\n\t<meta property=\"og:image:height\" content=\"510\" \/>\n\t<meta property=\"og:image:type\" content=\"image\/jpeg\" \/>\n<meta name=\"twitter:card\" content=\"summary_large_image\" \/>\n<meta name=\"twitter:label1\" content=\"Gesch\u00e4tzte Lesezeit\" \/>\n\t<meta name=\"twitter:data1\" content=\"10\u00a0Minuten\" \/>\n<script type=\"application\/ld+json\" class=\"yoast-schema-graph\">{\"@context\":\"https:\\\/\\\/schema.org\",\"@graph\":[{\"@type\":\"WebPage\",\"@id\":\"https:\\\/\\\/www.eichenthal.nl\\\/vakantiehuis\\\/\",\"url\":\"https:\\\/\\\/www.eichenthal.nl\\\/vakantiehuis\\\/\",\"name\":\"18-persoons vakantiehuis - eichenthal\",\"isPartOf\":{\"@id\":\"https:\\\/\\\/www.eichenthal.nl\\\/#website\"},\"primaryImageOfPage\":{\"@id\":\"https:\\\/\\\/www.eichenthal.nl\\\/vakantiehuis\\\/#primaryimage\"},\"image\":{\"@id\":\"https:\\\/\\\/www.eichenthal.nl\\\/vakantiehuis\\\/#primaryimage\"},\"thumbnailUrl\":\"https:\\\/\\\/www.eichenthal.nl\\\/wp-content\\\/uploads\\\/2017\\\/11\\\/03_eichenthal.jpg\",\"datePublished\":\"2017-11-06T22:19:40+00:00\",\"dateModified\":\"2023-07-10T11:14:41+00:00\",\"description\":\"{:nl}Ferienhaus Eichenthal is een groepsaccomodatie voor 6-18 personen. Voldoende slaapkamers en sanitaire voorzieningen, terassen, speeltuin en zelfs een bar.{:de}Ferienhaus Eichenthal ist eine Gruppenunterkunft f\u00fcr 6-18 Personen. Gen\u00fcgend Schlafzimmer und Sanit\u00e4ranlagen, Terrassen, Spielplatz und sogar eine Bar.{:}\",\"breadcrumb\":{\"@id\":\"https:\\\/\\\/www.eichenthal.nl\\\/vakantiehuis\\\/#breadcrumb\"},\"inLanguage\":\"de\",\"potentialAction\":[{\"@type\":\"ReadAction\",\"target\":[\"https:\\\/\\\/www.eichenthal.nl\\\/vakantiehuis\\\/\"]}]},{\"@type\":\"ImageObject\",\"inLanguage\":\"de\",\"@id\":\"https:\\\/\\\/www.eichenthal.nl\\\/vakantiehuis\\\/#primaryimage\",\"url\":\"https:\\\/\\\/www.eichenthal.nl\\\/wp-content\\\/uploads\\\/2017\\\/11\\\/03_eichenthal.jpg\",\"contentUrl\":\"https:\\\/\\\/www.eichenthal.nl\\\/wp-content\\\/uploads\\\/2017\\\/11\\\/03_eichenthal.jpg\",\"width\":825,\"height\":510,\"caption\":\"Eichenthal Ferienhaus groepsaccomodatie\"},{\"@type\":\"BreadcrumbList\",\"@id\":\"https:\\\/\\\/www.eichenthal.nl\\\/vakantiehuis\\\/#breadcrumb\",\"itemListElement\":[{\"@type\":\"ListItem\",\"position\":1,\"name\":\"Home\",\"item\":\"https:\\\/\\\/www.eichenthal.nl\\\/\"},{\"@type\":\"ListItem\",\"position\":2,\"name\":\"18-persoons vakantiehuis\"}]},{\"@type\":\"WebSite\",\"@id\":\"https:\\\/\\\/www.eichenthal.nl\\\/#website\",\"url\":\"https:\\\/\\\/www.eichenthal.nl\\\/\",\"name\":\"eichenthal\",\"description\":\"ferienhaus\",\"publisher\":{\"@id\":\"https:\\\/\\\/www.eichenthal.nl\\\/#organization\"},\"potentialAction\":[{\"@type\":\"SearchAction\",\"target\":{\"@type\":\"EntryPoint\",\"urlTemplate\":\"https:\\\/\\\/www.eichenthal.nl\\\/?s={search_term_string}\"},\"query-input\":{\"@type\":\"PropertyValueSpecification\",\"valueRequired\":true,\"valueName\":\"search_term_string\"}}],\"inLanguage\":\"de\"},{\"@type\":\"Organization\",\"@id\":\"https:\\\/\\\/www.eichenthal.nl\\\/#organization\",\"name\":\"eichenthal\",\"url\":\"https:\\\/\\\/www.eichenthal.nl\\\/\",\"logo\":{\"@type\":\"ImageObject\",\"inLanguage\":\"de\",\"@id\":\"https:\\\/\\\/www.eichenthal.nl\\\/#\\\/schema\\\/logo\\\/image\\\/\",\"url\":\"https:\\\/\\\/www.eichenthal.nl\\\/wp-content\\\/uploads\\\/2017\\\/11\\\/logo_def_groen.png\",\"contentUrl\":\"https:\\\/\\\/www.eichenthal.nl\\\/wp-content\\\/uploads\\\/2017\\\/11\\\/logo_def_groen.png\",\"width\":248,\"height\":248,\"caption\":\"eichenthal\"},\"image\":{\"@id\":\"https:\\\/\\\/www.eichenthal.nl\\\/#\\\/schema\\\/logo\\\/image\\\/\"},\"sameAs\":[\"https:\\\/\\\/www.facebook.com\\\/people\\\/Ferienhaus-Eichenthal\\\/100063681536590\\\/\"]}]}<\/script>\n<!-- \/ Yoast SEO plugin. -->","yoast_head_json":{"title":"18-persoons vakantiehuis - eichenthal","description":"{:nl}Ferienhaus Eichenthal is een groepsaccomodatie voor 6-18 personen. Voldoende slaapkamers en sanitaire voorzieningen, terassen, speeltuin en zelfs een bar.{:de}Ferienhaus Eichenthal ist eine Gruppenunterkunft f\u00fcr 6-18 Personen. Gen\u00fcgend Schlafzimmer und Sanit\u00e4ranlagen, Terrassen, Spielplatz und sogar eine Bar.{:}","robots":{"index":"index","follow":"follow","max-snippet":"max-snippet:-1","max-image-preview":"max-image-preview:large","max-video-preview":"max-video-preview:-1"},"canonical":"https:\/\/www.eichenthal.nl\/de\/vakantiehuis\/","og_locale":"de_DE","og_type":"article","og_title":"18-persoons vakantiehuis - eichenthal","og_description":"{:nl}Ferienhaus Eichenthal is een groepsaccomodatie voor 6-18 personen. Voldoende slaapkamers en sanitaire voorzieningen, terassen, speeltuin en zelfs een bar.{:de}Ferienhaus Eichenthal ist eine Gruppenunterkunft f\u00fcr 6-18 Personen. Gen\u00fcgend Schlafzimmer und Sanit\u00e4ranlagen, Terrassen, Spielplatz und sogar eine Bar.{:}","og_url":"https:\/\/www.eichenthal.nl\/de\/vakantiehuis\/","og_site_name":"eichenthal","article_publisher":"https:\/\/www.facebook.com\/people\/Ferienhaus-Eichenthal\/100063681536590\/","article_modified_time":"2023-07-10T11:14:41+00:00","og_image":[{"width":825,"height":510,"url":"https:\/\/www.eichenthal.nl\/wp-content\/uploads\/2017\/11\/03_eichenthal.jpg","type":"image\/jpeg"}],"twitter_card":"summary_large_image","twitter_misc":{"Gesch\u00e4tzte Lesezeit":"10\u00a0Minuten"},"schema":{"@context":"https:\/\/schema.org","@graph":[{"@type":"WebPage","@id":"https:\/\/www.eichenthal.nl\/vakantiehuis\/","url":"https:\/\/www.eichenthal.nl\/vakantiehuis\/","name":"18-persoons vakantiehuis - eichenthal","isPartOf":{"@id":"https:\/\/www.eichenthal.nl\/#website"},"primaryImageOfPage":{"@id":"https:\/\/www.eichenthal.nl\/vakantiehuis\/#primaryimage"},"image":{"@id":"https:\/\/www.eichenthal.nl\/vakantiehuis\/#primaryimage"},"thumbnailUrl":"https:\/\/www.eichenthal.nl\/wp-content\/uploads\/2017\/11\/03_eichenthal.jpg","datePublished":"2017-11-06T22:19:40+00:00","dateModified":"2023-07-10T11:14:41+00:00","description":"{:nl}Ferienhaus Eichenthal is een groepsaccomodatie voor 6-18 personen. Voldoende slaapkamers en sanitaire voorzieningen, terassen, speeltuin en zelfs een bar.{:de}Ferienhaus Eichenthal ist eine Gruppenunterkunft f\u00fcr 6-18 Personen. Gen\u00fcgend Schlafzimmer und Sanit\u00e4ranlagen, Terrassen, Spielplatz und sogar eine Bar.{:}","breadcrumb":{"@id":"https:\/\/www.eichenthal.nl\/vakantiehuis\/#breadcrumb"},"inLanguage":"de","potentialAction":[{"@type":"ReadAction","target":["https:\/\/www.eichenthal.nl\/vakantiehuis\/"]}]},{"@type":"ImageObject","inLanguage":"de","@id":"https:\/\/www.eichenthal.nl\/vakantiehuis\/#primaryimage","url":"https:\/\/www.eichenthal.nl\/wp-content\/uploads\/2017\/11\/03_eichenthal.jpg","contentUrl":"https:\/\/www.eichenthal.nl\/wp-content\/uploads\/2017\/11\/03_eichenthal.jpg","width":825,"height":510,"caption":"Eichenthal Ferienhaus groepsaccomodatie"},{"@type":"BreadcrumbList","@id":"https:\/\/www.eichenthal.nl\/vakantiehuis\/#breadcrumb","itemListElement":[{"@type":"ListItem","position":1,"name":"Home","item":"https:\/\/www.eichenthal.nl\/"},{"@type":"ListItem","position":2,"name":"18-persoons vakantiehuis"}]},{"@type":"WebSite","@id":"https:\/\/www.eichenthal.nl\/#website","url":"https:\/\/www.eichenthal.nl\/","name":"eichenthal","description":"ferienhaus","publisher":{"@id":"https:\/\/www.eichenthal.nl\/#organization"},"potentialAction":[{"@type":"SearchAction","target":{"@type":"EntryPoint","urlTemplate":"https:\/\/www.eichenthal.nl\/?s={search_term_string}"},"query-input":{"@type":"PropertyValueSpecification","valueRequired":true,"valueName":"search_term_string"}}],"inLanguage":"de"},{"@type":"Organization","@id":"https:\/\/www.eichenthal.nl\/#organization","name":"eichenthal","url":"https:\/\/www.eichenthal.nl\/","logo":{"@type":"ImageObject","inLanguage":"de","@id":"https:\/\/www.eichenthal.nl\/#\/schema\/logo\/image\/","url":"https:\/\/www.eichenthal.nl\/wp-content\/uploads\/2017\/11\/logo_def_groen.png","contentUrl":"https:\/\/www.eichenthal.nl\/wp-content\/uploads\/2017\/11\/logo_def_groen.png","width":248,"height":248,"caption":"eichenthal"},"image":{"@id":"https:\/\/www.eichenthal.nl\/#\/schema\/logo\/image\/"},"sameAs":["https:\/\/www.facebook.com\/people\/Ferienhaus-Eichenthal\/100063681536590\/"]}]}},"_links":{"self":[{"href":"https:\/\/www.eichenthal.nl\/de\/wp-json\/wp\/v2\/pages\/19","targetHints":{"allow":["GET"]}}],"collection":[{"href":"https:\/\/www.eichenthal.nl\/de\/wp-json\/wp\/v2\/pages"}],"about":[{"href":"https:\/\/www.eichenthal.nl\/de\/wp-json\/wp\/v2\/types\/page"}],"author":[{"embeddable":true,"href":"https:\/\/www.eichenthal.nl\/de\/wp-json\/wp\/v2\/users\/2"}],"replies":[{"embeddable":true,"href":"https:\/\/www.eichenthal.nl\/de\/wp-json\/wp\/v2\/comments?post=19"}],"version-history":[{"count":40,"href":"https:\/\/www.eichenthal.nl\/de\/wp-json\/wp\/v2\/pages\/19\/revisions"}],"predecessor-version":[{"id":516,"href":"https:\/\/www.eichenthal.nl\/de\/wp-json\/wp\/v2\/pages\/19\/revisions\/516"}],"wp:featuredmedia":[{"embeddable":true,"href":"https:\/\/www.eichenthal.nl\/de\/wp-json\/wp\/v2\/media\/374"}],"wp:attachment":[{"href":"https:\/\/www.eichenthal.nl\/de\/wp-json\/wp\/v2\/media?parent=19"}],"curies":[{"name":"wp","href":"https:\/\/api.w.org\/{rel}","templated":true}]}}