{"id":11,"date":"2017-11-06T23:14:39","date_gmt":"2017-11-06T22:14:39","guid":{"rendered":"https:\/\/www.eichenthal.nl\/?page_id=11"},"modified":"2023-07-10T13:19:19","modified_gmt":"2023-07-10T11:19:19","slug":"home","status":"publish","type":"page","link":"https:\/\/www.eichenthal.nl\/de\/","title":{"rendered":"Startseite"},"content":{"rendered":"<p><span style=\"color: #7d994f;\"><strong>Ferienhaus Eichenthal<\/strong><\/span><br \/>\nIn der N\u00e4he von der Niederl\u00e4ndischen Grenze liegt \u201a<strong>Ferienhaus Eichenthal<\/strong>Ein ehemaliger Bauernhof, jetzt als Gruppenunterkunft genutzt. Geniessen Sie die waldreiche Umgebung, in der Sie sich mit Ihrer Familie, Freunden oder Kollegen dem T\u00e4glichen Trubel entziehen k\u00f6nnen. Neben Natur und Ruhe hat das gebiet auch viel zu bieten in Bezug auf Sport, Kultur und Unterhaltung. Die Gastgeberin Eleonoor und Gastgeber Karl Heinz heissen Sie herzlich willkommen.<\/p>\n<hr \/>\n<p><strong style=\"color: #7d994f;\">Gemeinsam Genie\u03b2en<br \/>\n<\/strong><strong>\u2018Ferienhaus Eichenthal\u2019<\/strong> ist ger\u00e4umig und eignet sich f\u00fcr Gruppen von 6 bis 24 Personen. Sie k\u00f6nnen w\u00e4hlen, ob Sie die gesamte Unterkunft oder nur die Dreizimmerwohnung buchen m\u00f6chten. Gem\u00fctliches Kochen in einer der K\u00fcchen, ein Drink an der Bar oder ein Barbecue im Garten in der N\u00e4he der \u00fcberdachten Terrasse.<\/p>\n<hr \/>\n<p><strong><span style=\"color: #7d994f;\">Perfekte Basis<\/span><\/strong><br \/>\nEntdecken Sie zahlreiche sch\u00f6ne Wander-und Radwege im gr\u00fcnen Waldgebiet. Das '<strong>Ferienhaus Eichenthal<\/strong>ist auch der ideale Ausgangspunkt, um viele <a href=\"https:\/\/www.eichenthal.nl\/de\/omgeving\/\" rel=\"noopener noreferrer\">Sehensw\u00fcrdigkeiten<\/a> der Region wie GaiaZoo, Phantasialand, Amici Beach uns Snowworld zu besuchen. Mit dem Auto oder Motorrad k\u00f6nnen Sie in die Deutsche Eifel fahren. Geniessen Sie die Natur, malerische D\u00f6rfer mit sehr sch\u00f6nen Terrassen Oder unternehmen Sie einen Einkaufsbummel in den gr\u00f6sseren St\u00e4dten wie Aachen<br \/>\nDer Belgische Voerstreek und die Ardennen k\u00f6nnen nicht \u00fcbersprungen werden.<\/p>\n<hr \/>\n<p><strong><span style=\"color: #7d994f;\"><a href=\"https:\/\/www.eichenthal.nl\/de\/beschikbaarheid-verfugbarkeit\/\"><img loading=\"lazy\" decoding=\"async\" class=\"alignright wp-image-766 size-medium\" src=\"https:\/\/www.eichenthal.nl\/wp-content\/uploads\/2019\/06\/eikel_NL_1_Tekengebied-1-300x229.png\" alt=\"reserveer nu!\" width=\"300\" height=\"229\" \/><\/a>Reservierung<\/span><\/strong><br \/>\n&#8216;<strong>Ferienhaus Eichenthal<\/strong>hat im Juni dieses Jahres seine ersten G\u00e4ste empfangen und sie waren sehr zufrieden, darauf sind wir sehr stolz! Geben Sie hier Ihre <a href=\"https:\/\/www.eichenthal.nl\/de\/beschikbaarheid-verfugbarkeit\/\" rel=\"noopener noreferrer\">Reservierungsanfrage<\/a> ein, wenn Sie auch bei uns \u00fcbernachten m\u00f6chten.<\/p>\n<hr \/>\n<p><span style=\"color: #7d994f;\"><strong>Kontakt<br \/>\n<\/strong><\/span>Haben Sie Frage an uns? Dann k\u00f6nnen Sie uns selbstverst\u00e4ndlich anrufen, eine E-Mail senden oder f\u00fcllen Sie das <a href=\"https:\/\/www.eichenthal.nl\/de\/contact-kontakt\/#eichenthal-contactform\" rel=\"noopener noreferrer\">Kontaktformular<\/a> aus.<\/p>\n<p><span style=\"color: #7d994f;\"><strong>Ferienhaus Eichenthal \u2013 Eleonoor &amp; Karl Heinz Timmermanns<\/strong><\/span><br \/>\nEichenthal 2<br \/>\nD-52511 Geilenkirchen<br \/>\nDeutschland<\/p>\n<p><strong>Telefonnummer: 0031 (0) 625356419<br \/>\nE-mail: etimmermanns@aol.com<br \/>\n<\/strong><\/p>\n<hr \/>\n<p><iframe loading=\"lazy\" style=\"border: 0;\" src=\"https:\/\/www.google.com\/maps\/embed?pb=!1m18!1m12!1m3!1d2513.176220017006!2d6.110132016480538!3d50.95744607954858!2m3!1f0!2f0!3f0!3m2!1i1024!2i768!4f13.1!3m3!1m2!1s0x47c0a45ffba354d1%3A0x6288aac07d1d77bf!2sEichenthal+2%2C+52511+Geilenkirchen%2C+Duitsland!5e0!3m2!1snl!2snl!4v1511286931276\" width=\"600\" height=\"450\" frameborder=\"0\" allowfullscreen=\"allowfullscreen\"><\/iframe><\/p>","protected":false},"excerpt":{"rendered":"<p>Ferienhaus Eichenthal Net over de Zuid-Limburgse grens in Duitsland ligt &#8216;Ferienhaus Eichenthal&#8216;. Een voormalige boerenhoeve, tegenwoordig in gebruik als groepsaccomodatie. Geniet van de bosrijke omgeving waar je samen met je familie, vrienden of collega&#8217;s even kunt ontsnappen aan de dagelijkse drukte. Naast natuur en rust heeft de omgeving ook veel te bieden op het gebied &hellip; <a href=\"https:\/\/www.eichenthal.nl\/de\/\" class=\"more-link\"><span class=\"screen-reader-text\">Startseite<\/span> weiterlesen<\/a><\/p>","protected":false},"author":2,"featured_media":611,"parent":0,"menu_order":0,"comment_status":"closed","ping_status":"closed","template":"","meta":{"footnotes":""},"class_list":["post-11","page","type-page","status-publish","has-post-thumbnail","hentry"],"yoast_head":"<!-- This site is optimized with the Yoast SEO plugin v27.4 - https:\/\/yoast.com\/product\/yoast-seo-wordpress\/ -->\n<title>Home - eichenthal<\/title>\n<meta name=\"description\" content=\"Ferienhaus Eichenthal is een gezellige groepsaccomodatie in een bosrijke omgeving. Kom tot rust of bezoek de vele toeristische attracties in de omgeving.\" \/>\n<meta name=\"robots\" content=\"index, follow, max-snippet:-1, max-image-preview:large, max-video-preview:-1\" \/>\n<link rel=\"canonical\" href=\"https:\/\/www.eichenthal.nl\/de\/\" \/>\n<meta property=\"og:locale\" content=\"de_DE\" \/>\n<meta property=\"og:type\" content=\"article\" \/>\n<meta property=\"og:title\" content=\"Home - eichenthal\" \/>\n<meta property=\"og:description\" content=\"Ferienhaus Eichenthal is een gezellige groepsaccomodatie in een bosrijke omgeving. Kom tot rust of bezoek de vele toeristische attracties in de omgeving.\" \/>\n<meta property=\"og:url\" content=\"https:\/\/www.eichenthal.nl\/de\/\" \/>\n<meta property=\"og:site_name\" content=\"eichenthal\" \/>\n<meta property=\"article:publisher\" content=\"https:\/\/www.facebook.com\/people\/Ferienhaus-Eichenthal\/100063681536590\/\" \/>\n<meta property=\"article:modified_time\" content=\"2023-07-10T11:19:19+00:00\" \/>\n<meta property=\"og:image\" content=\"https:\/\/www.eichenthal.nl\/wp-content\/uploads\/2017\/12\/eichenthal-1.jpg\" \/>\n\t<meta property=\"og:image:width\" content=\"825\" \/>\n\t<meta property=\"og:image:height\" content=\"510\" \/>\n\t<meta property=\"og:image:type\" content=\"image\/jpeg\" \/>\n<meta name=\"twitter:card\" content=\"summary_large_image\" \/>\n<meta name=\"twitter:label1\" content=\"Gesch\u00e4tzte Lesezeit\" \/>\n\t<meta name=\"twitter:data1\" content=\"2\u00a0Minuten\" \/>\n<script type=\"application\/ld+json\" class=\"yoast-schema-graph\">{\"@context\":\"https:\\\/\\\/schema.org\",\"@graph\":[{\"@type\":\"WebPage\",\"@id\":\"https:\\\/\\\/www.eichenthal.nl\\\/\",\"url\":\"https:\\\/\\\/www.eichenthal.nl\\\/\",\"name\":\"Home - eichenthal\",\"isPartOf\":{\"@id\":\"https:\\\/\\\/www.eichenthal.nl\\\/#website\"},\"primaryImageOfPage\":{\"@id\":\"https:\\\/\\\/www.eichenthal.nl\\\/#primaryimage\"},\"image\":{\"@id\":\"https:\\\/\\\/www.eichenthal.nl\\\/#primaryimage\"},\"thumbnailUrl\":\"https:\\\/\\\/www.eichenthal.nl\\\/wp-content\\\/uploads\\\/2017\\\/12\\\/eichenthal-1.jpg\",\"datePublished\":\"2017-11-06T22:14:39+00:00\",\"dateModified\":\"2023-07-10T11:19:19+00:00\",\"description\":\"Ferienhaus Eichenthal is een gezellige groepsaccomodatie in een bosrijke omgeving. Kom tot rust of bezoek de vele toeristische attracties in de omgeving.\",\"breadcrumb\":{\"@id\":\"https:\\\/\\\/www.eichenthal.nl\\\/#breadcrumb\"},\"inLanguage\":\"de\",\"potentialAction\":[{\"@type\":\"ReadAction\",\"target\":[\"https:\\\/\\\/www.eichenthal.nl\\\/\"]}]},{\"@type\":\"ImageObject\",\"inLanguage\":\"de\",\"@id\":\"https:\\\/\\\/www.eichenthal.nl\\\/#primaryimage\",\"url\":\"https:\\\/\\\/www.eichenthal.nl\\\/wp-content\\\/uploads\\\/2017\\\/12\\\/eichenthal-1.jpg\",\"contentUrl\":\"https:\\\/\\\/www.eichenthal.nl\\\/wp-content\\\/uploads\\\/2017\\\/12\\\/eichenthal-1.jpg\",\"width\":825,\"height\":510,\"caption\":\"Ferienhaus Eichenthal groepsaccomodatie Ferienhaus in voormalige boerderij\"},{\"@type\":\"BreadcrumbList\",\"@id\":\"https:\\\/\\\/www.eichenthal.nl\\\/#breadcrumb\",\"itemListElement\":[{\"@type\":\"ListItem\",\"position\":1,\"name\":\"Home\",\"item\":\"https:\\\/\\\/www.eichenthal.nl\\\/\"},{\"@type\":\"ListItem\",\"position\":2,\"name\":\"Home\"}]},{\"@type\":\"WebSite\",\"@id\":\"https:\\\/\\\/www.eichenthal.nl\\\/#website\",\"url\":\"https:\\\/\\\/www.eichenthal.nl\\\/\",\"name\":\"eichenthal\",\"description\":\"ferienhaus\",\"publisher\":{\"@id\":\"https:\\\/\\\/www.eichenthal.nl\\\/#organization\"},\"potentialAction\":[{\"@type\":\"SearchAction\",\"target\":{\"@type\":\"EntryPoint\",\"urlTemplate\":\"https:\\\/\\\/www.eichenthal.nl\\\/?s={search_term_string}\"},\"query-input\":{\"@type\":\"PropertyValueSpecification\",\"valueRequired\":true,\"valueName\":\"search_term_string\"}}],\"inLanguage\":\"de\"},{\"@type\":\"Organization\",\"@id\":\"https:\\\/\\\/www.eichenthal.nl\\\/#organization\",\"name\":\"eichenthal\",\"url\":\"https:\\\/\\\/www.eichenthal.nl\\\/\",\"logo\":{\"@type\":\"ImageObject\",\"inLanguage\":\"de\",\"@id\":\"https:\\\/\\\/www.eichenthal.nl\\\/#\\\/schema\\\/logo\\\/image\\\/\",\"url\":\"https:\\\/\\\/www.eichenthal.nl\\\/wp-content\\\/uploads\\\/2017\\\/11\\\/logo_def_groen.png\",\"contentUrl\":\"https:\\\/\\\/www.eichenthal.nl\\\/wp-content\\\/uploads\\\/2017\\\/11\\\/logo_def_groen.png\",\"width\":248,\"height\":248,\"caption\":\"eichenthal\"},\"image\":{\"@id\":\"https:\\\/\\\/www.eichenthal.nl\\\/#\\\/schema\\\/logo\\\/image\\\/\"},\"sameAs\":[\"https:\\\/\\\/www.facebook.com\\\/people\\\/Ferienhaus-Eichenthal\\\/100063681536590\\\/\"]}]}<\/script>\n<!-- \/ Yoast SEO plugin. -->","yoast_head_json":{"title":"Home - eichenthal","description":"Ferienhaus Eichenthal is een gezellige groepsaccomodatie in een bosrijke omgeving. Kom tot rust of bezoek de vele toeristische attracties in de omgeving.","robots":{"index":"index","follow":"follow","max-snippet":"max-snippet:-1","max-image-preview":"max-image-preview:large","max-video-preview":"max-video-preview:-1"},"canonical":"https:\/\/www.eichenthal.nl\/de\/","og_locale":"de_DE","og_type":"article","og_title":"Home - eichenthal","og_description":"Ferienhaus Eichenthal is een gezellige groepsaccomodatie in een bosrijke omgeving. Kom tot rust of bezoek de vele toeristische attracties in de omgeving.","og_url":"https:\/\/www.eichenthal.nl\/de\/","og_site_name":"eichenthal","article_publisher":"https:\/\/www.facebook.com\/people\/Ferienhaus-Eichenthal\/100063681536590\/","article_modified_time":"2023-07-10T11:19:19+00:00","og_image":[{"width":825,"height":510,"url":"https:\/\/www.eichenthal.nl\/wp-content\/uploads\/2017\/12\/eichenthal-1.jpg","type":"image\/jpeg"}],"twitter_card":"summary_large_image","twitter_misc":{"Gesch\u00e4tzte Lesezeit":"2\u00a0Minuten"},"schema":{"@context":"https:\/\/schema.org","@graph":[{"@type":"WebPage","@id":"https:\/\/www.eichenthal.nl\/","url":"https:\/\/www.eichenthal.nl\/","name":"Home - eichenthal","isPartOf":{"@id":"https:\/\/www.eichenthal.nl\/#website"},"primaryImageOfPage":{"@id":"https:\/\/www.eichenthal.nl\/#primaryimage"},"image":{"@id":"https:\/\/www.eichenthal.nl\/#primaryimage"},"thumbnailUrl":"https:\/\/www.eichenthal.nl\/wp-content\/uploads\/2017\/12\/eichenthal-1.jpg","datePublished":"2017-11-06T22:14:39+00:00","dateModified":"2023-07-10T11:19:19+00:00","description":"Ferienhaus Eichenthal is een gezellige groepsaccomodatie in een bosrijke omgeving. Kom tot rust of bezoek de vele toeristische attracties in de omgeving.","breadcrumb":{"@id":"https:\/\/www.eichenthal.nl\/#breadcrumb"},"inLanguage":"de","potentialAction":[{"@type":"ReadAction","target":["https:\/\/www.eichenthal.nl\/"]}]},{"@type":"ImageObject","inLanguage":"de","@id":"https:\/\/www.eichenthal.nl\/#primaryimage","url":"https:\/\/www.eichenthal.nl\/wp-content\/uploads\/2017\/12\/eichenthal-1.jpg","contentUrl":"https:\/\/www.eichenthal.nl\/wp-content\/uploads\/2017\/12\/eichenthal-1.jpg","width":825,"height":510,"caption":"Ferienhaus Eichenthal groepsaccomodatie Ferienhaus in voormalige boerderij"},{"@type":"BreadcrumbList","@id":"https:\/\/www.eichenthal.nl\/#breadcrumb","itemListElement":[{"@type":"ListItem","position":1,"name":"Home","item":"https:\/\/www.eichenthal.nl\/"},{"@type":"ListItem","position":2,"name":"Home"}]},{"@type":"WebSite","@id":"https:\/\/www.eichenthal.nl\/#website","url":"https:\/\/www.eichenthal.nl\/","name":"eichenthal","description":"ferienhaus","publisher":{"@id":"https:\/\/www.eichenthal.nl\/#organization"},"potentialAction":[{"@type":"SearchAction","target":{"@type":"EntryPoint","urlTemplate":"https:\/\/www.eichenthal.nl\/?s={search_term_string}"},"query-input":{"@type":"PropertyValueSpecification","valueRequired":true,"valueName":"search_term_string"}}],"inLanguage":"de"},{"@type":"Organization","@id":"https:\/\/www.eichenthal.nl\/#organization","name":"eichenthal","url":"https:\/\/www.eichenthal.nl\/","logo":{"@type":"ImageObject","inLanguage":"de","@id":"https:\/\/www.eichenthal.nl\/#\/schema\/logo\/image\/","url":"https:\/\/www.eichenthal.nl\/wp-content\/uploads\/2017\/11\/logo_def_groen.png","contentUrl":"https:\/\/www.eichenthal.nl\/wp-content\/uploads\/2017\/11\/logo_def_groen.png","width":248,"height":248,"caption":"eichenthal"},"image":{"@id":"https:\/\/www.eichenthal.nl\/#\/schema\/logo\/image\/"},"sameAs":["https:\/\/www.facebook.com\/people\/Ferienhaus-Eichenthal\/100063681536590\/"]}]}},"_links":{"self":[{"href":"https:\/\/www.eichenthal.nl\/de\/wp-json\/wp\/v2\/pages\/11","targetHints":{"allow":["GET"]}}],"collection":[{"href":"https:\/\/www.eichenthal.nl\/de\/wp-json\/wp\/v2\/pages"}],"about":[{"href":"https:\/\/www.eichenthal.nl\/de\/wp-json\/wp\/v2\/types\/page"}],"author":[{"embeddable":true,"href":"https:\/\/www.eichenthal.nl\/de\/wp-json\/wp\/v2\/users\/2"}],"replies":[{"embeddable":true,"href":"https:\/\/www.eichenthal.nl\/de\/wp-json\/wp\/v2\/comments?post=11"}],"version-history":[{"count":18,"href":"https:\/\/www.eichenthal.nl\/de\/wp-json\/wp\/v2\/pages\/11\/revisions"}],"predecessor-version":[{"id":500,"href":"https:\/\/www.eichenthal.nl\/de\/wp-json\/wp\/v2\/pages\/11\/revisions\/500"}],"wp:featuredmedia":[{"embeddable":true,"href":"https:\/\/www.eichenthal.nl\/de\/wp-json\/wp\/v2\/media\/611"}],"wp:attachment":[{"href":"https:\/\/www.eichenthal.nl\/de\/wp-json\/wp\/v2\/media?parent=11"}],"curies":[{"name":"wp","href":"https:\/\/api.w.org\/{rel}","templated":true}]}}